{"id":699,"date":"2023-03-31T16:48:52","date_gmt":"2023-03-31T20:48:52","guid":{"rendered":"https:\/\/centaurtheatre.com\/?page_id=699"},"modified":"2023-04-12T09:56:23","modified_gmt":"2023-04-12T13:56:23","slug":"fonds-de-dotation","status":"publish","type":"page","link":"https:\/\/centaurtheatre.com\/fr\/fonds-de-dotation\/","title":{"rendered":"Fonds de dotation"},"content":{"rendered":"\n<h3 class=\"wp-block-heading\">Laisser un h\u00e9ritage durable<\/h3>\n\n\n\n<p>Que vous fassiez un don spontan\u00e9 ou planifi\u00e9, que \u00e7a soit pour vous-m\u00eame ou en l\u2019honneur d\u2019un \u00eatre cher, contribuer \u00e0 notre fonds de dotation est la meilleure fa\u00e7on d\u2019assurer la continuit\u00e9 d\u2019une institution culturelle qui vous aura fait vivre d\u2019extraordinaires moments de joie, d\u2019inspiration et de r\u00e9flexion.<\/p>\n\n\n\n<p>Cette ann\u00e9e, nous avons comme objectif d\u2019amasser 50&nbsp;000&nbsp;$ pendant la campagne de collecte de fonds du <a href=\"https:\/\/centaurtheatre.com\/fr\/soutien\/directors-circle\/\">Director\u2019s Circle<\/a>. Chaque dollar exc\u00e9dentaire sera ensuite doubl\u00e9 par le <a href=\"https:\/\/www.calq.gouv.qc.ca\/\">Conseil des arts et des lettres du Qu\u00e9bec<\/a>, et vers\u00e9 dans notre fonds de dotation. Le fonds de dotation permet au Th\u00e9\u00e2tre Centaur d\u2019obtenir une meilleure stabilit\u00e9 financi\u00e8re. Ainsi, nous pourrons mieux surmonter les ann\u00e9es \u00e0 plus faibles revenus et pr\u00e9parer l\u2019avenir! Le fonds est g\u00e9r\u00e9 par des gestionnaires de fonds professionnels de la Fondation du Grand Montr\u00e9al. Chaque ann\u00e9e, un pourcentage fixe des revenus en int\u00e9r\u00eats est allou\u00e9 aux programmes du Th\u00e9\u00e2tre Centaur. Le reste des revenus en int\u00e9r\u00eats est vers\u00e9 au fonds de dotation.<\/p>\n\n\n\n<p>Fond\u00e9 en 2013 gr\u00e2ce \u00e0 la g\u00e9n\u00e9rosit\u00e9 des donateurs individuels, le fonds de dotation porte d\u00e9j\u00e0 ses fruits et continuera de fournir un revenu stable au Th\u00e9\u00e2tre Centaur pour de nombreuses ann\u00e9es. Gr\u00e2ce \u00e0 lui, nous pourrons poursuivre notre mission&nbsp;: produire les meilleures exp\u00e9riences th\u00e9\u00e2trales anglophones et contribuer autant \u00e0 la qualit\u00e9 de vie qu\u2019au bouillonnement artistique de notre communaut\u00e9, et ce, pour les g\u00e9n\u00e9rations \u00e0 venir. <\/p>\n\n\n\n<p>Peu importe sa valeur, chaque don est grandement appr\u00e9ci\u00e9. Notre directrice au d\u00e9veloppement, Haleema Mini, serait enchant\u00e9e de discuter avec vous des meilleures fa\u00e7ons de contribuer au Th\u00e9\u00e2tre Centaur. Vous pouvez la contacter au 514 288-1229 (poste 235) ou par <a href=\"https:\/\/centaurtheatre.com\/fr\/contactez-nous\/\" data-type=\"page\" data-id=\"580\">courriel<\/a>.<\/p>\n","protected":false},"excerpt":{"rendered":"<p>Laisser un h\u00e9ritage durable Que vous fassiez un don spontan\u00e9 ou planifi\u00e9, que \u00e7a soit pour vous-m\u00eame ou en l\u2019honneur d\u2019un \u00eatre cher, contribuer \u00e0 notre fonds de dotation est la meilleure fa\u00e7on d\u2019assurer la continuit\u00e9 d\u2019une institution culturelle qui vous aura fait vivre d\u2019extraordinaires moments de joie, d\u2019inspiration et de r\u00e9flexion. Cette ann\u00e9e, nous [&hellip;]<\/p>\n","protected":false},"author":2,"featured_media":0,"parent":0,"menu_order":0,"comment_status":"closed","ping_status":"closed","template":"","meta":{"_acf_changed":false,"footnotes":""},"class_list":["post-699","page","type-page","status-publish","hentry"],"acf":[],"_links":{"self":[{"href":"https:\/\/centaurtheatre.com\/fr\/wp-json\/wp\/v2\/pages\/699","targetHints":{"allow":["GET"]}}],"collection":[{"href":"https:\/\/centaurtheatre.com\/fr\/wp-json\/wp\/v2\/pages"}],"about":[{"href":"https:\/\/centaurtheatre.com\/fr\/wp-json\/wp\/v2\/types\/page"}],"author":[{"embeddable":true,"href":"https:\/\/centaurtheatre.com\/fr\/wp-json\/wp\/v2\/users\/2"}],"replies":[{"embeddable":true,"href":"https:\/\/centaurtheatre.com\/fr\/wp-json\/wp\/v2\/comments?post=699"}],"version-history":[{"count":3,"href":"https:\/\/centaurtheatre.com\/fr\/wp-json\/wp\/v2\/pages\/699\/revisions"}],"predecessor-version":[{"id":2828,"href":"https:\/\/centaurtheatre.com\/fr\/wp-json\/wp\/v2\/pages\/699\/revisions\/2828"}],"wp:attachment":[{"href":"https:\/\/centaurtheatre.com\/fr\/wp-json\/wp\/v2\/media?parent=699"}],"curies":[{"name":"wp","href":"https:\/\/api.w.org\/{rel}","templated":true}]}}