{"id":691,"date":"2023-03-31T16:42:29","date_gmt":"2023-03-31T20:42:29","guid":{"rendered":"https:\/\/centaurtheatre.com\/?page_id=691"},"modified":"2023-04-12T09:55:23","modified_gmt":"2023-04-12T13:55:23","slug":"dons-mensuels","status":"publish","type":"page","link":"https:\/\/centaurtheatre.com\/fr\/dons-mensuels\/","title":{"rendered":"Dons mensuels"},"content":{"rendered":"\n<h3 class=\"wp-block-heading\">Faites une diff\u00e9rence tout au long de l&rsquo;ann\u00e9e<\/h3>\n\n\n\n<h4 class=\"wp-block-heading\" id=\"block-cef19c37-a422-40be-a162-450d2823ae28\">Avantages d\u2019un don mensuel<\/h4>\n\n\n\n<p id=\"block-b9ea3c4d-cef1-4d52-8681-3c3d0777d44a\"><strong>Retomb\u00e9es plus importantes<\/strong><\/p>\n\n\n\n<p id=\"block-ff57c43c-06ef-464a-9290-397ca9e60af9\">Il est plus facile pour nous de planifier nos activit\u00e9s avec un financement stable.<\/p>\n\n\n\n<p id=\"block-55b72f48-2379-4bec-8351-9dc6d76f8f18\"><strong>Facile et rapide<\/strong><\/p>\n\n\n\n<p id=\"block-d715a55b-d68f-4c0b-a860-cd92386fa715\">Le tout se fait en quelques minutes, vous recevrez un re\u00e7u fiscal \u00e0 la fin de l\u2019ann\u00e9e.<\/p>\n\n\n\n<p id=\"block-06ae8e49-e445-4708-8b09-2a2d99a837e6\"><strong>Accent sur le th\u00e9\u00e2tre<\/strong><\/p>\n\n\n\n<p id=\"block-3385db6b-69ee-4568-8946-b8f8f76adee2\">Gr\u00e2ce aux versements automatis\u00e9s, nous consacrons moins de temps et d\u2019argent \u00e0 l\u2019administration, ce qui nous permet de concentrer notre temps, notre \u00e9nergie et notre budget \u00e0 notre mission&nbsp;: cr\u00e9er du th\u00e9\u00e2tre pertinent et captivant pour tous les Montr\u00e9alais.<\/p>\n\n\n\n<p id=\"block-7c04731c-2d21-4c75-864a-cea5599fcc9b\"><strong>D\u00e9cision entre vos mains<\/strong><\/p>\n\n\n\n<p id=\"block-79e37717-cca6-4683-9eb2-bcd962c4690f\">Facilitez votre gestion budg\u00e9taire en \u00e9talant vos dons sur toute l\u2019ann\u00e9e. Vous pouvez effectuer, modifier et m\u00eame annuler votre don en tout temps.<\/p>\n\n\n\n<div class=\"wp-block-buttons is-layout-flex wp-block-buttons-is-layout-flex\">\n<div class=\"wp-block-button\"><a class=\"wp-block-button__link wp-element-button\" href=\"https:\/\/centaurtheatre.com\/fr\/donner\/\">Commencez<\/a><\/div>\n<\/div>\n","protected":false},"excerpt":{"rendered":"<p>Faites une diff\u00e9rence tout au long de l&rsquo;ann\u00e9e Avantages d\u2019un don mensuel Retomb\u00e9es plus importantes Il est plus facile pour nous de planifier nos activit\u00e9s avec un financement stable. Facile et rapide Le tout se fait en quelques minutes, vous recevrez un re\u00e7u fiscal \u00e0 la fin de l\u2019ann\u00e9e. Accent sur le th\u00e9\u00e2tre Gr\u00e2ce aux [&hellip;]<\/p>\n","protected":false},"author":2,"featured_media":0,"parent":0,"menu_order":0,"comment_status":"closed","ping_status":"closed","template":"","meta":{"_acf_changed":false,"footnotes":""},"class_list":["post-691","page","type-page","status-publish","hentry"],"acf":[],"_links":{"self":[{"href":"https:\/\/centaurtheatre.com\/fr\/wp-json\/wp\/v2\/pages\/691","targetHints":{"allow":["GET"]}}],"collection":[{"href":"https:\/\/centaurtheatre.com\/fr\/wp-json\/wp\/v2\/pages"}],"about":[{"href":"https:\/\/centaurtheatre.com\/fr\/wp-json\/wp\/v2\/types\/page"}],"author":[{"embeddable":true,"href":"https:\/\/centaurtheatre.com\/fr\/wp-json\/wp\/v2\/users\/2"}],"replies":[{"embeddable":true,"href":"https:\/\/centaurtheatre.com\/fr\/wp-json\/wp\/v2\/comments?post=691"}],"version-history":[{"count":4,"href":"https:\/\/centaurtheatre.com\/fr\/wp-json\/wp\/v2\/pages\/691\/revisions"}],"predecessor-version":[{"id":2826,"href":"https:\/\/centaurtheatre.com\/fr\/wp-json\/wp\/v2\/pages\/691\/revisions\/2826"}],"wp:attachment":[{"href":"https:\/\/centaurtheatre.com\/fr\/wp-json\/wp\/v2\/media?parent=691"}],"curies":[{"name":"wp","href":"https:\/\/api.w.org\/{rel}","templated":true}]}}