{"id":653,"date":"2023-03-31T14:47:10","date_gmt":"2023-03-31T18:47:10","guid":{"rendered":"https:\/\/centaurtheatre.com\/indigenous-stories\/"},"modified":"2023-04-05T10:51:32","modified_gmt":"2023-04-05T14:51:32","slug":"histoires-autochtones","status":"publish","type":"page","link":"https:\/\/centaurtheatre.com\/fr\/histoires-autochtones\/","title":{"rendered":"Histoires autochtones"},"content":{"rendered":"\n<p>M\u00eame si nous nous sommes faits plus discrets pendant la pand\u00e9mie, nous en avons profit\u00e9 pour r\u00e9fl\u00e9chir \u00e0 notre place dans le paysage culturel de Montr\u00e9al, et plus pr\u00e9cis\u00e9ment, \u00e0 la diversit\u00e9 artistique en cr\u00e9ant l\u2019<a rel=\"noreferrer noopener\" href=\"https:\/\/centaurtheatre.com\/fr\/add-centaur\/\" target=\"_blank\"><strong>Artistic Diversity Discussion @ Centaur<\/strong><\/a>, qui a vu na\u00eetre de nouvelles initiatives dont la r\u00e9sidence pour artistes autochtones. Cette r\u00e9sidence soutient l\u2019artiste interdisciplinaire Ange Loft et son projet <a rel=\"noreferrer noopener\" href=\"https:\/\/centaurtheatre.com\/fr\/shows\/residence-dartiste-autochtone\/\" target=\"_blank\"><strong>Talking Treaties : Tioti\u00e0:ke<\/strong><\/a> \u2013 une exploration th\u00e9\u00e2trale approfondie sur l\u2019histoire du territoire que nous habitons. Ange recueille toutes sortes d\u2019histoires, de t\u00e9moignages d\u2019a\u00een\u00e9s de Kahnawake aux archives de l\u2019\u00c9glise catholique. J\u2019ai tr\u00e8s h\u00e2te de vous parler plus en d\u00e9tail de ce projet important \u00e0 mesure que la cr\u00e9ation \u00e9voluera au cours de l\u2019ann\u00e9e.<\/p>\n\n\n\n<p>L\u2019honorable Murray Sinclair, pr\u00e9sident de la premi\u00e8re Commission de v\u00e9rit\u00e9 et r\u00e9conciliation, affirme que le chemin vers la gu\u00e9rison des relations entre les Autochtones et les non-Autochtones du Canada passe par le respect, l\u2019\u00e9ducation et l\u2019action positive. Pour en savoir plus sur la reconnaissance territoriale, je vous sugg\u00e8re de consulter <a rel=\"noreferrer noopener\" href=\"http:\/\/www.nctr.ca\" target=\"_blank\">le site de la Commission de v\u00e9rit\u00e9 et r\u00e9conciliation<\/a>. Nous avons tant \u00e0 apprendre les uns des autres.<\/p>\n\n\n\n<h3 class=\"wp-block-heading\">Reconnaissance Territoriale<\/h3>\n\n\n\n<p>Montr\u00e9al est un endroit formidable et c\u2019est un grand privil\u00e8ge de pouvoir y faire du th\u00e9\u00e2tre. La ville a une histoire riche et bien \u00e0 elle. <\/p>\n\n\n\n<p>Bien avant que Cartier vogue vers le Saint-Laurent et rencontre des Iroquois dans un lieu nomm\u00e9 Hochelaga, cette \u00eele, que les colons europ\u00e9ens appelleront Montr\u00e9al, \u00e9tait un point de conflit, de rassemblement, de cr\u00e9ativit\u00e9 et d\u2019\u00e9changes depuis des temps imm\u00e9moriaux pour plusieurs nations autochtones, notamment, les nations Anishinaabe, Huron-Wendat et Ab\u00e9nakis. <\/p>\n\n\n\n<p>La nation Kanyen&rsquo;keh\u00e0:ka, ou Mohawk en fran\u00e7ais, est reconnue comme gardienne des terres et des eaux de la r\u00e9gion de Montr\u00e9al. Dans la langue de cette nation, l\u2019\u00eele est appel\u00e9e, Tiohti\u00e0:ke, ce qui signifie \u00ab&nbsp;divis\u00e9 en deux&nbsp;\u00bb, en raison de la fa\u00e7on dont l\u2019eau contourne l\u2019\u00eele. Remarquons que la langue autochtone consid\u00e8re l\u2019\u00eele comme faisant partie du fleuve. Cela nous rappelle \u00e0 tous que nous prenons part \u00e0 une histoire beaucoup plus vaste. <\/p>\n\n\n\n<p>Depuis des si\u00e8cles, ce majestueux fleuve am\u00e8ne ici des gens de partout dans le monde en qu\u00eate de nouvelles occasions et de nouveaux d\u00e9parts. Les rapides de Lachine, situ\u00e9es \u00e0 la pointe ouest de l\u2019\u00eele, ont incit\u00e9 plusieurs voyageurs \u00e0 se poser. Le fleuve a fait de Montr\u00e9al la ville dynamique et diversifi\u00e9e qu\u2019elle est aujourd\u2019hui. Cette diversit\u00e9 est inspirante; c\u2019est en se racontant nos histoires que nous jetons les ponts entre nos diff\u00e9rentes cultures et langues. <\/p>\n\n\n\n<p>-Eda Holmes, Directrice artistique et g\u00e9n\u00e9rale<\/p>\n","protected":false},"excerpt":{"rendered":"<p>M\u00eame si nous nous sommes faits plus discrets pendant la pand\u00e9mie, nous en avons profit\u00e9 pour r\u00e9fl\u00e9chir \u00e0 notre place dans le paysage culturel de Montr\u00e9al, et plus pr\u00e9cis\u00e9ment, \u00e0 la diversit\u00e9 artistique en cr\u00e9ant l\u2019Artistic Diversity Discussion @ Centaur, qui a vu na\u00eetre de nouvelles initiatives dont la r\u00e9sidence pour artistes autochtones. Cette r\u00e9sidence [&hellip;]<\/p>\n","protected":false},"author":2,"featured_media":0,"parent":0,"menu_order":0,"comment_status":"closed","ping_status":"closed","template":"","meta":{"_acf_changed":false,"footnotes":""},"class_list":["post-653","page","type-page","status-publish","hentry"],"acf":[],"_links":{"self":[{"href":"https:\/\/centaurtheatre.com\/fr\/wp-json\/wp\/v2\/pages\/653","targetHints":{"allow":["GET"]}}],"collection":[{"href":"https:\/\/centaurtheatre.com\/fr\/wp-json\/wp\/v2\/pages"}],"about":[{"href":"https:\/\/centaurtheatre.com\/fr\/wp-json\/wp\/v2\/types\/page"}],"author":[{"embeddable":true,"href":"https:\/\/centaurtheatre.com\/fr\/wp-json\/wp\/v2\/users\/2"}],"replies":[{"embeddable":true,"href":"https:\/\/centaurtheatre.com\/fr\/wp-json\/wp\/v2\/comments?post=653"}],"version-history":[{"count":2,"href":"https:\/\/centaurtheatre.com\/fr\/wp-json\/wp\/v2\/pages\/653\/revisions"}],"predecessor-version":[{"id":1841,"href":"https:\/\/centaurtheatre.com\/fr\/wp-json\/wp\/v2\/pages\/653\/revisions\/1841"}],"wp:attachment":[{"href":"https:\/\/centaurtheatre.com\/fr\/wp-json\/wp\/v2\/media?parent=653"}],"curies":[{"name":"wp","href":"https:\/\/api.w.org\/{rel}","templated":true}]}}