{"id":568,"date":"2023-03-15T15:17:36","date_gmt":"2023-03-15T19:17:36","guid":{"rendered":"https:\/\/centaurtheatre.com\/?page_id=568"},"modified":"2026-04-13T13:40:27","modified_gmt":"2026-04-13T17:40:27","slug":"salle-de-presse","status":"publish","type":"page","link":"https:\/\/centaurtheatre.com\/fr\/salle-de-presse\/","title":{"rendered":"Salle de presse"},"content":{"rendered":"\n<h2 class=\"wp-block-heading\" id=\"communique-de-presse\">Communiqu\u00e9 de presse<\/h2>\n\n\n\n<p>le 26 mai, 2025 &#8211; <strong><a href=\"https:\/\/mailchi.mp\/b-rebelpr\/season?e=6c4f8b6549\">LE TH\u00c9\u00c2TRE CENTAUR ANNONCE LA 57E SAISON 2025-2026&nbsp;: THE VIEW FROM HERE<\/a><\/strong><\/p>\n\n\n\n<p>le 30 novembre, 2023 &#8211; <strong><a href=\"https:\/\/centaurtheatre.com\/wp-content\/uploads\/2023\/11\/EXTRA-_-BEAUTIFUL-_-U-Release-B-Rebel.pdf\" target=\"_blank\" rel=\"noreferrer noopener\">INFINITH\u00c9\u00c2TRE PR\u00c9SENTE EXTRA\/BEAUTIFUL\/U<\/a><\/strong><\/p>\n\n\n\n<p>le 21 septembre, 2023 &#8211; <strong><a href=\"https:\/\/centaurtheatre.com\/wp-content\/uploads\/2023\/10\/CENTAUR-Season-re-Launch-23_24-.pdf\">LE TH\u00c9\u00c2TRE CENTAUR LANCE SA SAISON 2023-2024<br>B\u00c2TIR L\u2019AVENIR @ CENTAU<\/a><a href=\"https:\/\/centaurtheatre.com\/wp-content\/uploads\/2023\/10\/CENTAUR-Season-re-Launch-23_24-.pdf\" target=\"_blank\" rel=\"noreferrer noopener\">R<\/a><\/strong><\/p>\n\n\n\n<p>le 12 septembre, 2023 &#8211; <strong><a href=\"https:\/\/centaurtheatre.com\/wp-content\/uploads\/2023\/10\/alterNatives-release-French-PDF.pdf\">alterNativ<\/a><a href=\"https:\/\/centaurtheatre.com\/wp-content\/uploads\/2023\/10\/alterNatives-release-French-PDF.pdf\" target=\"_blank\" rel=\"noreferrer noopener\">es<\/a><\/strong><\/p>\n\n\n\n<p>le 20 avril, 2024 &#8211; <strong><a href=\"https:\/\/centaurtheatre.com\/wp-content\/uploads\/2023\/05\/CENTAUR-THEATRE-Season-Launch-rel-23_24.pdf\" target=\"_blank\" rel=\"noreferrer noopener\">LE TH\u00c9ATRE CENTAUR LANCE SA SAISON 2023-2024<\/a><\/strong><\/p>\n\n\n\n<p>le 9 mars, 2023 &#8211; <a href=\"https:\/\/centaurtheatre.com\/wp-content\/uploads\/2023\/04\/PRESS-RELEASE-King-Dave-FOR-WEBSITE.pdf\" data-type=\"attachment\" data-id=\"1883\" target=\"_blank\" rel=\"noreferrer noopener\"><strong>KING DAVE<\/strong><\/a><\/p>\n\n\n\n<p>le 3 mars, 2023 &#8211; <strong><a href=\"https:\/\/centaurtheatre.com\/wp-content\/uploads\/2023\/04\/PRESS-RELEASE_Chuck-Retirement-for-Website.pdf\" data-type=\"attachment\" data-id=\"1875\" target=\"_blank\" rel=\"noreferrer noopener\">CHARLES CHILDS, DIRECTEUR G\u00c9N\u00c9RAL DU TH\u00c9\u00c2TRE CENTAUR, PREND SA RETRAITE<\/a><\/strong><\/p>\n\n\n\n<p>le 24 janvier, 2023- <strong><a href=\"https:\/\/centaurtheatre.com\/wp-content\/uploads\/2023\/04\/PRESS-RELEASE_AttheBeginingOfTime_ForWebsite.pdf\" data-type=\"attachment\" data-id=\"1873\" target=\"_blank\" rel=\"noreferrer noopener\">AT THE BEGINNING OF TIME<\/a><\/strong><\/p>\n\n\n\n<p>le 13 d\u00e9cembre, 2022 &#8211; <strong><a href=\"https:\/\/centaurtheatre.com\/wp-content\/uploads\/2023\/04\/PRESS-RELEASE-Wildside-Festival-2023-FOR-WESBITE.pdf\" data-type=\"attachment\" data-id=\"1891\" target=\"_blank\" rel=\"noreferrer noopener\">WILDSIDE FESTIVAL 2023<\/a><\/strong><\/p>\n\n\n\n<p>le 15 novembre, 2022- <strong><a href=\"https:\/\/centaurtheatre.com\/wp-content\/uploads\/2023\/04\/PRESS-RELEASE-Dark-Divas-FOR-WEBSITE.pdf\" data-type=\"attachment\" data-id=\"1881\" target=\"_blank\" rel=\"noreferrer noopener\">DARK DIVAS<\/a><\/strong><\/p>\n\n\n\n<p>le 19 octobre, 2022- <strong><a rel=\"noreferrer noopener\" href=\"https:\/\/centaurtheatre.com\/wp-content\/uploads\/2023\/04\/PRESS-RELEASE-Sexual-Misconduct-of-the-Middle-Class-FOR-WEBSITE.pdf\" data-type=\"attachment\" data-id=\"1889\" target=\"_blank\">SEXUAL MISCONDUCT OF THE MIDDLE CLASSES<\/a><\/strong><\/p>\n\n\n\n<div class=\"wp-block-pb-accordion-item c-accordion__item js-accordion-item no-js\" data-initially-open=\"false\" data-click-to-close=\"true\" data-auto-close=\"true\" data-scroll=\"false\" data-scroll-offset=\"0\"><h5 id=\"at-5680\" class=\"c-accordion__title js-accordion-controller\" role=\"button\">Voir plus<\/h5><div id=\"ac-5680\" class=\"c-accordion__content\">\n<p>le 12 sept, 2022 &#8211; <strong><a rel=\"noreferrer noopener\" href=\"https:\/\/centaurtheatre.com\/wp-content\/uploads\/2023\/04\/Communique_Cyclorama-French.pdf\" data-type=\"attachment\" data-id=\"1922\" target=\"_blank\">COMMUNIQU\u00c9 CYCLORAMA<\/a><\/strong><\/p>\n\n\n\n<p><strong><a href=\"https:\/\/centaurtheatre.com\/wp-content\/uploads\/2023\/04\/Dossier-de-presse_Cyclorama_French.pdf\" data-type=\"attachment\" data-id=\"1924\" target=\"_blank\" rel=\"noreferrer noopener\">DOSSIER DE PRESSE CYCLORAMA<\/a><\/strong><\/p>\n\n\n\n<p>le 22 juin, 2022 &#8211; <strong><a href=\"https:\/\/centaurtheatre.com\/wp-content\/uploads\/2023\/04\/Press-Release-Season-22_23-Bilingual.pdf\" data-type=\"attachment\" data-id=\"1887\" target=\"_blank\" rel=\"noreferrer noopener\">SAISON 22-23<\/a><\/strong><\/p>\n\n\n\n<p>le 21 avril, 2022 &#8211; <strong><a href=\"https:\/\/centaurtheatre.com\/wp-content\/uploads\/2023\/04\/Paroles-Ukrainiennes_FR.pdf\" data-type=\"attachment\" data-id=\"1926\" target=\"_blank\" rel=\"noreferrer noopener\">PAROLES UKRAINIENNES<\/a><\/strong><\/p>\n\n\n\n<p>le 15 mars, 2022 &#8211; <strong><a href=\"https:\/\/centaurtheatre.com\/wp-content\/uploads\/2023\/04\/PR_A-Play-for-the-Living-March-15-2022-1.pdf\" data-type=\"attachment\" data-id=\"1863\" target=\"_blank\" rel=\"noreferrer noopener\">A PLAY FOR THE LIVING<\/a><\/strong><\/p>\n\n\n\n<p>le 7 f\u00e9vrier, 2022 &#8211; <strong><a rel=\"noreferrer noopener\" href=\"https:\/\/centaurtheatre.com\/wp-content\/uploads\/2023\/04\/PR-Remix-and-APFTL.pdf\" data-type=\"attachment\" data-id=\"1869\" target=\"_blank\">WILDSIDE REMIX<\/a><\/strong><\/p>\n\n\n\n<p>le 10 janvier, 2022 &#8211; <strong><a href=\"https:\/\/centaurtheatre.com\/wp-content\/uploads\/2023\/04\/Press-Release-\u233e-Postponement-of-Winter-Programming-\u233e-Report-de-programmation-hivernale-\u233e-Communique-Google-Docs.pdf\" data-type=\"attachment\" data-id=\"1879\" target=\"_blank\" rel=\"noreferrer noopener\">REPORT DE LA PROGRAMMATION HIVERNALE<\/a><\/strong><\/p>\n\n\n\n<p>le 16 novembre, 2021- <strong><a href=\"https:\/\/centaurtheatre.com\/wp-content\/uploads\/2023\/04\/Press-Release-KISSES-DEEP-de-Michel-Marc-Bouchard.pdf\" data-type=\"attachment\" data-id=\"1885\">KISSES DEEP<\/a><\/strong><\/p>\n\n\n\n<p>le 2 novembre, 2021 &#8211; <strong><a href=\"https:\/\/centaurtheatre.com\/wp-content\/uploads\/2023\/04\/Wildside-Press-Release.pdf\" data-type=\"attachment\" data-id=\"1895\" target=\"_blank\" rel=\"noreferrer noopener\">WILDSIDE 25<\/a><\/strong><\/p>\n\n\n\n<p>le 12 octobre, 2021 &#8211; <strong><a href=\"https:\/\/centaurtheatre.com\/wp-content\/uploads\/2023\/04\/AIWFC-release.pdf\" data-type=\"attachment\" data-id=\"1861\" target=\"_blank\" rel=\"noreferrer noopener\">ALL I WANT FOR CHRISTMAS<\/a><\/strong><\/p>\n\n\n\n<p>le 25 ao\u00fbt, 2021 &#8211; <strong><a rel=\"noreferrer noopener\" href=\"https:\/\/centaurtheatre.com\/wp-content\/uploads\/2023\/04\/PR_Season-53-Reveal-Aug-25-FRENCH.pdf\" data-type=\"attachment\" data-id=\"1928\" target=\"_blank\">SAISON 2021-22<\/a><\/strong><\/p>\n<\/div><\/div>\n\n\n\n<h2 class=\"wp-block-heading\" id=\"revues\">Le Centaur dans la presse<\/h2>\n\n\n\n<p>le 19 octobre, 2022 &#8211; The News Blitz : <a href=\"https:\/\/themarinewsblitz.com\/2022\/10\/cyclorama-can-a-play-solve-the-tension-between-francophones-and-anglophones-in-montreal\/\">Can a Play Solve the Tension Between the Francophones and Anglophones in Montreal?<\/a> de Rebecca Li and Marie-Anne Le Hir<\/p>\n\n\n\n<p>le 23 juin, 2022 &#8211; theatre.quebec <a rel=\"noreferrer noopener\" href=\"https:\/\/www.theatre.quebec\/devoilement-de-la-saison-2022-2023-du-centaur\/\" target=\"_blank\">D\u00e9voilement de la saison 2022-2023 du Centaur<\/a> de David Lefebvre<\/p>\n\n\n\n<p>le 22 juin, 2022 &#8211; La Presse <a rel=\"noreferrer noopener\" href=\"https:\/\/www.lapresse.ca\/arts\/theatre\/2022-06-22\/le-centaur-devoile-sa-saison-2022-2023.php\" target=\"_blank\">Le Centaur d\u00e9voile sa saison 2022-2023<\/a> de Alexandre Vigneault<\/p>\n\n\n\n<p>le 22 juin, 2022 &#8211; The Suburban <a rel=\"noreferrer noopener\" href=\"https:\/\/www.thesuburban.com\/columnists\/mike_cohen_cohen_chatter\/centaur-theatre-celebrates-montreal-under-the-stars\/article_f454b626-63d7-5b07-a551-260b992b508c.html\" target=\"_blank\">Centaur Theatre celebrates Montreal Under The Stars<\/a> de Mike Cohen<\/p>\n\n\n\n<p>le 4 mai, 2022 &#8211; Cult Montreal <a rel=\"noreferrer noopener\" href=\"https:\/\/cultmtl.com\/2022\/05\/a-play-for-the-living-in-a-time-of-extinction-review-centaur-theatre-montreal\/\" target=\"_blank\">A Play for the Living in a Time of Extinction is sobering yet hopeful<\/a> by Savannah Stewart<\/p>\n\n\n\n<p>le 4 mai, 2022 &#8211; Westmount Mag &#8211; <a rel=\"noreferrer noopener\" href=\"https:\/\/www.westmountmag.ca\/a-play-for-the-living-in-a-time-of-extinction-at-the-centaur\/\" target=\"_blank\">For Those Who Care About the Environment or Enjoy Excellent Theatre<\/a> by Irwin Rapoport<\/p>\n\n\n\n<div class=\"wp-block-pb-accordion-item c-accordion__item js-accordion-item no-js\" data-initially-open=\"false\" data-click-to-close=\"true\" data-auto-close=\"true\" data-scroll=\"false\" data-scroll-offset=\"0\"><h5 id=\"at-5681\" class=\"c-accordion__title js-accordion-controller\" role=\"button\">Voir plus<\/h5><div id=\"ac-5681\" class=\"c-accordion__content\">\n<p>le 3 mai, 2022 &#8211; Th\u00e9\u00e2tralit\u00e9s Review de Yannick Commeau <a href=\"https:\/\/www.theatralites.com\/post\/th%C3%A9%C3%A2tre-anglo-a-play-for-the-living-in-a-time-of-extinction-de-miranda-rose-hall-chant-du-cygne\">Th\u00e9\u00e2tre anglo: \u00abA Play for the Living in a Time of Extinction\u00bb de Miranda Rose Hall: Chant du cygne<\/a><\/p>\n\n\n\n<p>le 30 avril, 2022 &#8211; Curtains Up Review de Yolande Ramsay <a rel=\"noreferrer noopener\" href=\"http:\/\/curtainsup.tv\/wake-up-call-at-centaurs-a-play-for-the-living-in-a-time-of-extinction\/\" target=\"_blank\">Wake-Up Call At Centaur\u2019s A Play For The Living In A Time Of Extinction<\/a><\/p>\n\n\n\n<p>le 20 avril, 2022 &#8211; Montreal Gazette de Jim Burke <a rel=\"noreferrer noopener\" href=\"https:\/\/montrealgazette.com\/entertainment\/theatre\/centaur-theatre-goes-green-with-a-play-for-the-living-in-a-time-of-extinction\" target=\"_blank\">Centaur Theatre Goes Green with A Play for the Living in a Time of Extinction<\/a><\/p>\n\n\n\n<p>le 9 avril, 2022 &#8211; All in a Weekend avec Sonali Karnick <a rel=\"noreferrer noopener\" href=\"https:\/\/www.cbc.ca\/listen\/live-radio\/1-78-all-in-a-weekend\/clip\/15905887-centaur-theatre-a-play-living-time-extinction\" target=\"_blank\">Centaur Theatre: \u00ab\u00a0A Play for the Living in a Time of Extinction<\/a><\/p>\n\n\n\n<p>le 20 janvier, 2022 &#8211; Jeu revue de th\u00e9\u00e2tre, Marie-Laurence Marleau <a rel=\"noreferrer noopener\" href=\"https:\/\/revuejeu.org\/2022\/01\/20\/pandemie-prendre-son-mal-en-patience\/\" target=\"_blank\">Pand\u00e9mie&nbsp;: Prendre son mal en patience<\/a><\/p>\n\n\n\n<p>le 14 janvier, 2022 &#8211; The Eastern Door, Marcus Bankuti <a rel=\"noreferrer noopener\" href=\"https:\/\/centaurtheatre.com\/wp-content\/uploads\/2022\/01\/The-Eastern-Door-Jan-14_2022_Article.png\" target=\"_blank\">&lsquo;Talking Treaties&rsquo; with Talented Local Ladies<\/a><\/p>\n\n\n\n<p>le 11 novembre, 2021 &#8211; Montreal Gazette, Jim Burke: <a rel=\"noreferrer noopener\" href=\"https:\/\/montrealgazette.com\/entertainment\/local-arts\/rebecca-northan-delivers-an-early-christmas-gift-to-centaur-theatre\" target=\"_blank\">Rebecca Northan Delivers Early Christmas Gift<\/a><\/p>\n\n\n\n<p>le 4 octobre, 2021 &#8211; le Conseil des Arts de Montr\u00e9al <a rel=\"noreferrer noopener\" href=\"https:\/\/www.artsmontreal.org\/fr\/nouvelles\/2021-10-04\/leger-sonde-la-population-montrealaise-les-arts-toujours-au-coeur-des-citoyen-ne-s\" target=\"_blank\">LES ARTS TOUJOURS AU C\u0152UR DES CITOYEN-NE-S<\/a><\/p>\n\n\n\n<p>le 29 mars, 2021 &#8211; Revue Jeu, Mario Cloutier: <a rel=\"noreferrer noopener\" href=\"https:\/\/revuejeu.org\/2021\/03\/29\/mob-toujours-brulant-dactualite\/\" target=\"_blank\">MOB&nbsp;: Toujours br\u00fblant d\u2019actualit\u00e9<\/a><\/p>\n\n\n\n<p>le 28 mars, 2021 &#8211; La Presse, Luc Boulanger: <a href=\"https:\/\/www.lapresse.ca\/arts\/theatre\/2021-03-28\/reouverture-des-theatres-a-montreal\/des-sourires-sous-les-masques.php#\">Des sourires sous les masques<\/a><\/p>\n\n\n\n<p>le 27 mars, 2021 &#8211; Montreal Gazette, Jim Burke: <a rel=\"noreferrer noopener\" href=\"https:\/\/montrealgazette.com\/entertainment\/local-arts\/whats-it-like-to-be-a-pandemic-era-theatregoer-in-montreal\" target=\"_blank\">What&rsquo;s it like to be a pandemic-era theatregoer in Montreal?<\/a><\/p>\n<\/div><\/div>\n\n\n\n<div style=\"height:25px\" aria-hidden=\"true\" class=\"wp-block-spacer\"><\/div>\n\n\n\n<p class=\"has-very-light-gray-background-color has-background\"><strong>Pour les demandes des m\u00e9dias<\/strong>, veuillez contacter <strong>Kimberly Cavaleiro H\u00f6nig<\/strong>, Coordonnatrice des r\u00e9seaux sociaux et communications, via notre formulaire de contact\u00a0<a href=\"https:\/\/centaurtheatre.com\/fr\/contactez-nous\/\" target=\"_blank\" rel=\"noreferrer noopener\"><strong>ici<\/strong><\/a>. S\u00e9lectionnez \u00ab M\u00e9dias \u00bb dans la liste d\u00e9roulante.<\/p>\n","protected":false},"excerpt":{"rendered":"<p>Communiqu\u00e9 de presse le 26 mai, 2025 &#8211; LE TH\u00c9\u00c2TRE CENTAUR ANNONCE LA 57E SAISON 2025-2026&nbsp;: THE VIEW FROM HERE le 30 novembre, 2023 &#8211; INFINITH\u00c9\u00c2TRE PR\u00c9SENTE EXTRA\/BEAUTIFUL\/U le 21 septembre, 2023 &#8211; LE TH\u00c9\u00c2TRE CENTAUR LANCE SA SAISON 2023-2024B\u00c2TIR L\u2019AVENIR @ CENTAUR le 12 septembre, 2023 &#8211; alterNatives le 20 avril, 2024 &#8211; LE [&hellip;]<\/p>\n","protected":false},"author":2,"featured_media":0,"parent":0,"menu_order":0,"comment_status":"closed","ping_status":"closed","template":"","meta":{"_acf_changed":false,"footnotes":""},"class_list":["post-568","page","type-page","status-publish","hentry"],"acf":[],"_links":{"self":[{"href":"https:\/\/centaurtheatre.com\/fr\/wp-json\/wp\/v2\/pages\/568","targetHints":{"allow":["GET"]}}],"collection":[{"href":"https:\/\/centaurtheatre.com\/fr\/wp-json\/wp\/v2\/pages"}],"about":[{"href":"https:\/\/centaurtheatre.com\/fr\/wp-json\/wp\/v2\/types\/page"}],"author":[{"embeddable":true,"href":"https:\/\/centaurtheatre.com\/fr\/wp-json\/wp\/v2\/users\/2"}],"replies":[{"embeddable":true,"href":"https:\/\/centaurtheatre.com\/fr\/wp-json\/wp\/v2\/comments?post=568"}],"version-history":[{"count":29,"href":"https:\/\/centaurtheatre.com\/fr\/wp-json\/wp\/v2\/pages\/568\/revisions"}],"predecessor-version":[{"id":26429,"href":"https:\/\/centaurtheatre.com\/fr\/wp-json\/wp\/v2\/pages\/568\/revisions\/26429"}],"wp:attachment":[{"href":"https:\/\/centaurtheatre.com\/fr\/wp-json\/wp\/v2\/media?parent=568"}],"curies":[{"name":"wp","href":"https:\/\/api.w.org\/{rel}","templated":true}]}}