{"id":469,"date":"2023-03-30T11:53:12","date_gmt":"2023-03-30T15:53:12","guid":{"rendered":"https:\/\/centaurtheatre.com\/?page_id=469"},"modified":"2023-04-21T16:46:43","modified_gmt":"2023-04-21T20:46:43","slug":"dons-entreprises-fondations","status":"publish","type":"page","link":"https:\/\/centaurtheatre.com\/fr\/dons-entreprises-fondations\/","title":{"rendered":"Dons d&rsquo;entreprises ou de fondations"},"content":{"rendered":"\n<div class=\"wp-block-columns is-layout-flex wp-container-core-columns-is-layout-28f84493 wp-block-columns-is-layout-flex\">\n<div class=\"wp-block-column is-layout-flow wp-block-column-is-layout-flow\" style=\"flex-basis:33.33%\">\n<figure class=\"wp-block-image aligncenter size-large\"><img loading=\"lazy\" decoding=\"async\" width=\"205\" height=\"1024\" src=\"https:\/\/centaurtheatre.com\/wp-content\/uploads\/2023\/04\/Centaur-Column-FR-205x1024.jpg\" alt=\"\" class=\"wp-image-2709\" srcset=\"https:\/\/centaurtheatre.com\/wp-content\/uploads\/2023\/04\/Centaur-Column-FR-205x1024.jpg 205w, https:\/\/centaurtheatre.com\/wp-content\/uploads\/2023\/04\/Centaur-Column-FR-60x300.jpg 60w, https:\/\/centaurtheatre.com\/wp-content\/uploads\/2023\/04\/Centaur-Column-FR-410x2048.jpg 410w, https:\/\/centaurtheatre.com\/wp-content\/uploads\/2023\/04\/Centaur-Column-FR.jpg 417w\" sizes=\"auto, (max-width: 205px) 100vw, 205px\" \/><\/figure>\n<\/div>\n\n\n\n<div class=\"wp-block-column is-vertically-aligned-center is-layout-flow wp-block-column-is-layout-flow\" style=\"flex-basis:66.66%\">\n<p>Associez votre entreprise ou votre fondation au Th\u00e9\u00e2tre Centaur et soutenez un organisme reconnu pour son excellence et sa diversit\u00e9. Votre engagement social peut prendre plusieurs formes&nbsp;: dons d\u00e9ductibles d\u2019imp\u00f4ts, commandites de production, partenariats, droits de d\u00e9nomination et participation \u00e0 notre gala annuel. Vous nourrissez ainsi votre reconnaissance publique tout en b\u00e9n\u00e9ficiant d\u2019avantages exclusifs tout au long de l\u2019ann\u00e9e.<\/p>\n\n\n\n<p>Alors que la Covid-19 a mis la plan\u00e8te \u00e0 genoux, les questions universelles sur les droits de la personne, l\u2019\u00e9galit\u00e9 et la diversit\u00e9 se sont pos\u00e9es avec acuit\u00e9. Il n\u2019a jamais \u00e9t\u00e9 aussi \u00e9vident que la culture est vitale \u00e0 notre sens de la communaut\u00e9 et \u00e0 notre bien-\u00eatre; partout, les gens se tournent vers leur petit \u00e9cran en qu\u00eate d\u2019espoir et de communion. Le Centaur a su remonter le moral des gens et les r\u00e9unir virtuellement gr\u00e2ce \u00e0 des \u00e9v\u00e9nements gratuits en ligne.&nbsp;<\/p>\n\n\n\n<h3 class=\"wp-block-heading\">Les Initiatives du Centaur<\/h3>\n\n\n\n<ul class=\"wp-block-list\">\n<li>les <strong>Salons du samedi<\/strong><\/li>\n\n\n\n<li>des lectures en direct de nouveaux textes<\/li>\n\n\n\n<li>l\u2019\u00e9dition annuelle <strong>Festival Wildside<\/strong><\/li>\n\n\n\n<li>Notre premier mini-festival de th\u00e9\u00e2tre ext\u00e9rieur, le <strong>Portico Project<\/strong><\/li>\n\n\n\n<li>une discussion sur la diversit\u00e9 artistique (<strong>Artistic Diversity Discussion @ Centaur<\/strong>) afin d\u2019instaurer de nouvelles politiques et de nouveaux programmes pour contrer les in\u00e9galit\u00e9s historiques engendr\u00e9es par le racisme institutionnel<\/li>\n\n\n\n<li>le programme de mentorat <strong>Catalyst @ Centaur<\/strong><\/li>\n\n\n\n<li>notre premi\u00e8re <strong>R\u00e9sidence d\u2019artiste autochtone<\/strong><\/li>\n<\/ul>\n<\/div>\n<\/div>\n\n\n\n<p>Lorsque les th\u00e9\u00e2tres rouvriront, nous reprendrons notre programme <a href=\"https:\/\/centaurtheatre.com\/fr\/planifier-votre-visite\/pour-les-enseignants\/\"><strong>Theatre of Tomorrow<\/strong><\/a> qui accueille chaque ann\u00e9e des milliers d\u2019\u00e9l\u00e8ves et leurs enseignants. Le r\u00e9cent assouplissement des protocoles sanitaires nous a permis, tout en respectant les mesures de distanciation, de pr\u00e9senter \u00e0 guichets ferm\u00e9s huit repr\u00e9sentations de la pi\u00e8ce \u00e0 succ\u00e8s <a href=\"https:\/\/centaurtheatre.com\/fr\/shows\/mob\/\"><strong><em>MOB<\/em><\/strong><\/a>, interrompue abruptement l\u2019ann\u00e9e derni\u00e8re en raison du confinement.<\/p>\n\n\n\n<figure class=\"wp-block-image size-full\"><img loading=\"lazy\" decoding=\"async\" width=\"1024\" height=\"517\" src=\"https:\/\/centaurtheatre.com\/wp-content\/uploads\/2023\/04\/1\u00a9AndreeLanthier_Aventures_Ensemble-2-e1593467312890-1024x517-1.jpg\" alt=\"\" class=\"wp-image-2673\" srcset=\"https:\/\/centaurtheatre.com\/wp-content\/uploads\/2023\/04\/1\u00a9AndreeLanthier_Aventures_Ensemble-2-e1593467312890-1024x517-1.jpg 1024w, https:\/\/centaurtheatre.com\/wp-content\/uploads\/2023\/04\/1\u00a9AndreeLanthier_Aventures_Ensemble-2-e1593467312890-1024x517-1-300x151.jpg 300w, https:\/\/centaurtheatre.com\/wp-content\/uploads\/2023\/04\/1\u00a9AndreeLanthier_Aventures_Ensemble-2-e1593467312890-1024x517-1-768x388.jpg 768w\" sizes=\"auto, (max-width: 1024px) 100vw, 1024px\" \/><figcaption class=\"wp-element-caption\"><em><em>Adventures of a Black Girl in Search of God, un co-production Centaur et the National Arts Centre en association avec Black Theatre Workshop. 2015. Photo Andr\u00e9e Lanthier.<\/em><\/em><\/figcaption><\/figure>\n\n\n\n<p class=\"has-text-align-center has-very-light-gray-background-color has-background\">Pour plus d\u2019information sur notre programme de dons, veuillez communiquer avec&nbsp;:&nbsp;<br><strong>Haleema Mini, directrice du d\u00e9veloppement<\/strong><br>514&nbsp;288-1229, poste&nbsp;235 ou par&nbsp;<a href=\"https:\/\/centaurtheatre.com\/fr\/contactez-nous\/\" data-type=\"page\" data-id=\"580\" target=\"_blank\" rel=\"noreferrer noopener\">courriel<\/a>.<\/p>\n\n\n\n<h3 class=\"wp-block-heading has-text-align-left\">Paliers de dons<\/h3>\n\n\n\n<p class=\"has-text-align-left\"><strong>Titans<\/strong> $25,000<br><strong>Olympians<\/strong> $10,000-$24,999<br><strong>Argonauts<\/strong> $5,000-$9,999<br><strong>Graces<\/strong> $2,500 \u2013 $4,999<br><strong>Muses<\/strong> $1,000 \u2013 $2,499<br><strong>Fates<\/strong> $500-$999<\/p>\n\n\n\n<figure class=\"wp-block-image size-large\"><img loading=\"lazy\" decoding=\"async\" width=\"1024\" height=\"683\" src=\"https:\/\/centaurtheatre.com\/wp-content\/uploads\/2023\/04\/Paradise-Lost_2_Adam-and-Eve_Amelia-Sargisson-and-Qasim-Khan_photo-by-Andree-Lanthier-2048x1365-1-1024x683.jpg\" alt=\"\" class=\"wp-image-2486\" srcset=\"https:\/\/centaurtheatre.com\/wp-content\/uploads\/2023\/04\/Paradise-Lost_2_Adam-and-Eve_Amelia-Sargisson-and-Qasim-Khan_photo-by-Andree-Lanthier-2048x1365-1-1024x683.jpg 1024w, https:\/\/centaurtheatre.com\/wp-content\/uploads\/2023\/04\/Paradise-Lost_2_Adam-and-Eve_Amelia-Sargisson-and-Qasim-Khan_photo-by-Andree-Lanthier-2048x1365-1-300x200.jpg 300w, https:\/\/centaurtheatre.com\/wp-content\/uploads\/2023\/04\/Paradise-Lost_2_Adam-and-Eve_Amelia-Sargisson-and-Qasim-Khan_photo-by-Andree-Lanthier-2048x1365-1-768x512.jpg 768w, https:\/\/centaurtheatre.com\/wp-content\/uploads\/2023\/04\/Paradise-Lost_2_Adam-and-Eve_Amelia-Sargisson-and-Qasim-Khan_photo-by-Andree-Lanthier-2048x1365-1-1536x1024.jpg 1536w, https:\/\/centaurtheatre.com\/wp-content\/uploads\/2023\/04\/Paradise-Lost_2_Adam-and-Eve_Amelia-Sargisson-and-Qasim-Khan_photo-by-Andree-Lanthier-2048x1365-1.jpg 2048w\" sizes=\"auto, (max-width: 1024px) 100vw, 1024px\" \/><figcaption class=\"wp-element-caption\"><em>Paradise Lost Adam et Eve: Amelia-Sargisson et Qasim Khan. Photo Andr\u00e9e Lanthier<\/em><\/figcaption><\/figure>\n\n\n\n<h3 class=\"wp-block-heading\"><strong>Comment votre don nous aidera<\/strong><\/h3>\n\n\n\n<p>Jusqu\u2019en 2020, le secteur culturel de Montr\u00e9al injectait 11&nbsp;milliards de dollars par an dans l\u2019\u00e9conomie locale. Il faudra du temps pour r\u00e9tablir l\u2019industrie du divertissement de la m\u00e9tropole, mais en tant que membre incontournable de son paysage culturel, le Centaur est pr\u00eat \u00e0 jouer son r\u00f4le dans la revitalisation in\u00e9vitable de la ville. Pour bonifier notre large \u00e9ventail d\u2019initiatives et continuer \u00e0 produire un th\u00e9\u00e2tre exceptionnel pour des publics de tous \u00e2ges et de tous les horizons, nous avons besoin de soutien financier d\u2019organisations respect\u00e9es qui sont fi\u00e8res d\u2019assumer leur responsabilit\u00e9 sociale.<\/p>\n\n\n\n<p>Cliquez ici pour voir la liste de <a rel=\"noreferrer noopener\" href=\"https:\/\/centaurtheatre.com\/fr\/soutien\/our-supporters\/\" target=\"_blank\">nos g\u00e9n\u00e9reux contributeurs<\/a>.<\/p>\n\n\n\n<div style=\"height:50px\" aria-hidden=\"true\" class=\"wp-block-spacer\"><\/div>\n\n\n\n<div class=\"wp-block-buttons is-horizontal is-content-justification-left is-layout-flex wp-container-core-buttons-is-layout-20be11b6 wp-block-buttons-is-layout-flex\">\n<div class=\"wp-block-button\"><a class=\"wp-block-button__link wp-element-button\" href=\"https:\/\/centaurtheatre.com\/fr\/formulaire-dentreprises\/\">Faire un don en ligne<\/a><\/div>\n<\/div>\n","protected":false},"excerpt":{"rendered":"<p>Associez votre entreprise ou votre fondation au Th\u00e9\u00e2tre Centaur et soutenez un organisme reconnu pour son excellence et sa diversit\u00e9. Votre engagement social peut prendre plusieurs formes&nbsp;: dons d\u00e9ductibles d\u2019imp\u00f4ts, commandites de production, partenariats, droits de d\u00e9nomination et participation \u00e0 notre gala annuel. Vous nourrissez ainsi votre reconnaissance publique tout en b\u00e9n\u00e9ficiant d\u2019avantages exclusifs tout [&hellip;]<\/p>\n","protected":false},"author":2,"featured_media":0,"parent":0,"menu_order":0,"comment_status":"closed","ping_status":"closed","template":"","meta":{"_acf_changed":false,"footnotes":""},"class_list":["post-469","page","type-page","status-publish","hentry"],"acf":[],"_links":{"self":[{"href":"https:\/\/centaurtheatre.com\/fr\/wp-json\/wp\/v2\/pages\/469","targetHints":{"allow":["GET"]}}],"collection":[{"href":"https:\/\/centaurtheatre.com\/fr\/wp-json\/wp\/v2\/pages"}],"about":[{"href":"https:\/\/centaurtheatre.com\/fr\/wp-json\/wp\/v2\/types\/page"}],"author":[{"embeddable":true,"href":"https:\/\/centaurtheatre.com\/fr\/wp-json\/wp\/v2\/users\/2"}],"replies":[{"embeddable":true,"href":"https:\/\/centaurtheatre.com\/fr\/wp-json\/wp\/v2\/comments?post=469"}],"version-history":[{"count":14,"href":"https:\/\/centaurtheatre.com\/fr\/wp-json\/wp\/v2\/pages\/469\/revisions"}],"predecessor-version":[{"id":14071,"href":"https:\/\/centaurtheatre.com\/fr\/wp-json\/wp\/v2\/pages\/469\/revisions\/14071"}],"wp:attachment":[{"href":"https:\/\/centaurtheatre.com\/fr\/wp-json\/wp\/v2\/media?parent=469"}],"curies":[{"name":"wp","href":"https:\/\/api.w.org\/{rel}","templated":true}]}}