{"id":465,"date":"2023-03-30T11:50:14","date_gmt":"2023-03-30T15:50:14","guid":{"rendered":"https:\/\/centaurtheatre.com\/?page_id=465"},"modified":"2025-06-30T16:56:11","modified_gmt":"2025-06-30T20:56:11","slug":"director-circle","status":"publish","type":"page","link":"https:\/\/centaurtheatre.com\/fr\/director-circle\/","title":{"rendered":"Faire un don individuel"},"content":{"rendered":"\n<p><\/p>\n\n\n\n<figure class=\"wp-block-image size-large\"><img loading=\"lazy\" decoding=\"async\" width=\"1024\" height=\"131\" src=\"https:\/\/centaurtheatre.com\/wp-content\/uploads\/2024\/11\/Centaur-Be-Part-of-the-Story-1024x131.jpg\" alt=\"\" class=\"wp-image-19805\" srcset=\"https:\/\/centaurtheatre.com\/wp-content\/uploads\/2024\/11\/Centaur-Be-Part-of-the-Story-1024x131.jpg 1024w, https:\/\/centaurtheatre.com\/wp-content\/uploads\/2024\/11\/Centaur-Be-Part-of-the-Story-300x38.jpg 300w, https:\/\/centaurtheatre.com\/wp-content\/uploads\/2024\/11\/Centaur-Be-Part-of-the-Story-768x98.jpg 768w, https:\/\/centaurtheatre.com\/wp-content\/uploads\/2024\/11\/Centaur-Be-Part-of-the-Story-1536x197.jpg 1536w, https:\/\/centaurtheatre.com\/wp-content\/uploads\/2024\/11\/Centaur-Be-Part-of-the-Story.jpg 1700w\" sizes=\"auto, (max-width: 1024px) 100vw, 1024px\" \/><\/figure>\n\n\n\n<h2 class=\"wp-block-heading\">Campagne annuelle de dons<\/h2>\n\n\n\n<p>Depuis plus de 50 ans, le Th\u00e9\u00e2tre Centaur est devenu un second chez-soi pour des dizaines de milliers de spectateurs, de supporteurs, d&rsquo;artistes et de techniciens de la communaut\u00e9 th\u00e9\u00e2trale anglophone de Montr\u00e9al. Aujourd&rsquo;hui, nous vous invitons \u00e0 rejoindre notre communaut\u00e9 et \u00e0 nous aider \u00e0 \u00e9crire le prochain chapitre de l&rsquo;histoire du Centaur.<\/p>\n\n\n\n<p><\/p>\n\n\n\n<p>En raison de l&rsquo;augmentation des co\u00fbts li\u00e9s \u00e0 l&rsquo;inflation et de la diminution des subventions f\u00e9d\u00e9rales et provinciales, nous sommes \u00e0 un tournant crucial de notre histoire o\u00f9 <strong><em>les dons sont plus importants que jamais. <\/em><\/strong>En tant que membre de notre \u00ab Director\u2019s Circle \u00bb de donateurs, votre soutien est essentiel pour nous aider \u00e0 remplir notre mission et continuer \u00e0 servir de sanctuaire au th\u00e9\u00e2tre anglophone de Montr\u00e9al pour les ann\u00e9es et les d\u00e9cennies \u00e0 venir.<\/p>\n\n\n\n<p><\/p>\n\n\n\n<h2 class=\"wp-block-heading\">Notre saison : Retour au Centaur<\/h2>\n\n\n\n<p>Cette ann\u00e9e, nos pi\u00e8ces saisonni\u00e8res c\u00e9l\u00e8brent le pouvoir de la famille et des connexions, tout en explorant la riche tapisserie du paysage culturel du Qu\u00e9bec. De <strong><em><a href=\"https:\/\/centaurtheatre.com\/fr\/shows\/sakura\/\" target=\"_blank\" rel=\"noreferrer noopener\">Sakura<\/a><\/em><\/strong> par Harry Standjofski, une adaptation percutante de  <em>\u00ab The Cherry Orchard \u00bb<\/em> de Chekhov, \u00e0 l&rsquo;hommage poignant de Michel Tremblay \u00e0 sa m\u00e8re,<strong><em><a href=\"https:\/\/centaurtheatre.com\/fr\/shows\/for-the-pleasure-of-seeing-her-again\/\" target=\"_blank\" rel=\"noreferrer noopener\">  \u00abFor the Pleasure of Seeing Her Again \u00bb<\/a><\/em><\/strong>, notre programmation met en lumi\u00e8re les liens qui nous unissent m\u00eame en p\u00e9riode de division. Notre programmation <a href=\"https:\/\/centaurtheatre.com\/fr\/centaurplus\/\" target=\"_blank\" rel=\"noreferrer noopener\"><strong><em>Centaur+<\/em><\/strong> <\/a>vise \u00e0 renforcer notre communaut\u00e9 en mettant en avant des \u0153uvres qui soutiennent la sc\u00e8ne th\u00e9\u00e2trale ind\u00e9pendante \u00e0 Montr\u00e9al en anglais.<\/p>\n\n\n\n<p><\/p>\n\n\n\n<h2 class=\"wp-block-heading\">Notre engagement envers l&rsquo;accessibilit\u00e9, la diversit\u00e9 et l&rsquo;inclusion<\/h2>\n\n\n\n<p>Gr\u00e2ce \u00e0 notre programme <strong><em><a href=\"https:\/\/centaurtheatre.com\/fr\/groupes-enseignants\/\" target=\"_blank\" rel=\"noreferrer noopener\">\u00abTheatre of Tomorrow\u00bb<\/a><\/em><\/strong>, des milliers d&rsquo;\u00e9l\u00e8ves du secondaire b\u00e9n\u00e9ficient de billets \u00e0 prix r\u00e9duit, de discussions apr\u00e8s les spectacles et de cahiers p\u00e9dagogiques qui favorisent l&rsquo;engagement et la pens\u00e9e critique. Les productions de la sc\u00e8ne principale proposent des surtitres en fran\u00e7ais, des billets \u00ab pay-what-you-can \u00bb et <strong><em><a href=\"https:\/\/centaurtheatre.com\/fr\/tarifs-et-abonnements\/\" target=\"_blank\" rel=\"noreferrer noopener\">des billets de derni\u00e8re minute pour les \u00e9tudiants <\/a><\/em><\/strong>rendent le th\u00e9\u00e2tre accessible, et notre <a href=\"https:\/\/centaurtheatre.com\/fr\/hommage-a-lheritage-de-tiziano-giacomini\/\" target=\"_blank\" rel=\"noreferrer noopener\"><strong><em>monte-personne universelle<\/em><\/strong> <\/a>garantit que le Centaur est un espace accueillant pour tous les spectateurs.<\/p>\n\n\n\n<div class=\"wp-block-columns two-columns-cta esc-narrow-content is-layout-flex wp-container-core-columns-is-layout-28f84493 wp-block-columns-is-layout-flex\">\n<div class=\"wp-block-column is-layout-flow wp-block-column-is-layout-flow\">\n<figure class=\"wp-block-image size-full\"><img loading=\"lazy\" decoding=\"async\" width=\"1024\" height=\"1024\" src=\"https:\/\/centaurtheatre.com\/wp-content\/uploads\/2024\/11\/Centaur-2024-Directors-Circle-Benefits-FR.png\" alt=\"\" class=\"wp-image-19807\" srcset=\"https:\/\/centaurtheatre.com\/wp-content\/uploads\/2024\/11\/Centaur-2024-Directors-Circle-Benefits-FR.png 1024w, https:\/\/centaurtheatre.com\/wp-content\/uploads\/2024\/11\/Centaur-2024-Directors-Circle-Benefits-FR-300x300.png 300w, https:\/\/centaurtheatre.com\/wp-content\/uploads\/2024\/11\/Centaur-2024-Directors-Circle-Benefits-FR-150x150.png 150w, https:\/\/centaurtheatre.com\/wp-content\/uploads\/2024\/11\/Centaur-2024-Directors-Circle-Benefits-FR-768x768.png 768w\" sizes=\"auto, (max-width: 1024px) 100vw, 1024px\" \/><\/figure>\n<\/div>\n\n\n\n<div class=\"wp-block-column is-layout-flow wp-block-column-is-layout-flow\">\n<h2 class=\"wp-block-heading\">Faire un impact durable<\/h2>\n\n\n\n<p>Que vous choisissiez de faire<em><strong><a href=\"https:\/\/centaurtheatre.com\/fr\/donner\/\" target=\"_blank\" rel=\"noreferrer noopener\"> un don unique<\/a><\/strong><\/em>, de mettre en place <strong><em><a href=\"https:\/\/centaurtheatre.com\/fr\/dons-mensuels\/\" target=\"_blank\" rel=\"noreferrer noopener\">des dons mensuels<\/a><\/em><\/strong>, de faire un don <strong><em><a href=\"https:\/\/www.canadahelps.org\/fr\/dn\/52948?v2=true&amp;utm_source=Centaur+Newsletter&amp;utm_campaign=afe34c3017-dev_annual_campaign_55_dec13&amp;utm_medium=email&amp;utm_term=0_66fd570985-afe34c3017-126401121\" target=\"_blank\" rel=\"noreferrer noopener\">en l&rsquo;honneur d&rsquo;un \u00eatre cher<\/a><\/em><\/strong>, ou de donner <strong><em><a href=\"https:\/\/centaurtheatre.com\/fr\/contactez-nous\/\" target=\"_blank\" rel=\"noreferrer noopener\">des actions ou d&rsquo;autres titres<\/a><\/em><\/strong>, votre don d\u00e9ductible d&rsquo;imp\u00f4t de n&rsquo;importe quel montant maintiendra le Centaur sur la bonne voie. Pour un premier don majeur (5 000 $ \u2013 25 000 $), <strong><em><a href=\"https:\/\/www.budget.finances.gouv.qc.ca\/Budget\/outils\/depenses-fiscales\/fiches\/fiche-110302.asp\" target=\"_blank\" rel=\"noreferrer noopener\">Revenu Qu\u00e9bec offre un cr\u00e9dit d&rsquo;imp\u00f4t suppl\u00e9mentaire de 25 % <\/a><\/em><\/strong>en plus du cr\u00e9dit habituel pour les dons de bienfaisance.<\/p>\n\n\n\n<h2 class=\"wp-block-heading\">Merci!<\/h2>\n\n\n\n<p>En signe de notre reconnaissance, nous souhaitons <strong>vous remercier <\/strong>d&rsquo;avoir rejoint notre \u00ab Director\u2019s Circle \u00bb de donateurs en vous invitant \u00e0 des r\u00e9p\u00e9titions g\u00e9n\u00e9rales et \u00e0 des rencontres intimes avec notre Directeur artistique et les artistes de la saison.<\/p>\n\n\n\n<p>Faites partie de l&rsquo;histoire et soutenez un avenir o\u00f9 la cr\u00e9ativit\u00e9 et la communaut\u00e9 prosp\u00e8rent. Faire un don aujourd&rsquo;hui!<\/p>\n<\/div>\n<\/div>\n\n\n\n<div class=\"wp-block-group alignfull two-button-cta esc-narrow-content is-layout-constrained wp-block-group-is-layout-constrained\">\n<div class=\"wp-block-columns is-layout-flex wp-container-core-columns-is-layout-28f84493 wp-block-columns-is-layout-flex\">\n<div class=\"wp-block-column is-layout-flow wp-block-column-is-layout-flow\" style=\"flex-basis:66.66%\">\n<p class=\"has-text-align-center\">Envoyer une ch\u00e8que, faire un don mensuel, donner des actions ou autres titres, ou faire un don en l&rsquo;honneur d&rsquo;un proche.<\/p>\n<\/div>\n\n\n\n<div class=\"wp-block-column is-layout-flow wp-block-column-is-layout-flow\" style=\"flex-basis:33.33%\">\n<div class=\"wp-block-buttons is-layout-flex wp-block-buttons-is-layout-flex\">\n<div class=\"wp-block-button\"><a class=\"wp-block-button__link wp-element-button\" href=\"https:\/\/centaurtheatre.com\/fr\/donner\/\">Faire un don<\/a><\/div>\n\n\n\n<div class=\"wp-block-button\"><a class=\"wp-block-button__link wp-element-button\" href=\"https:\/\/centaurtheatre.com\/fr\/faire-un-don\/\">Comment aider<\/a><\/div>\n<\/div>\n<\/div>\n<\/div>\n<\/div>\n\n\n\n<p class=\"has-text-align-center esc-narrow-content\"><em>Centaur Theatre Company est une \u0153uvre de bienfaisance enregistr\u00e9e au Canada. N<sup>o<\/sup> 118842111RR0001. Tous les dons sont d\u00e9ductibles d\u2019imp\u00f4ts.<\/em>.<\/p>\n\n\n\n<p class=\"has-text-align-center esc-narrow-content\">N\u2019h\u00e9sitez pas \u00e0 nous<a href=\"https:\/\/centaurtheatre.com\/fr\/contactez-nous\/\" data-type=\"page\" data-id=\"580\"> \u00e9crire<\/a> si vous avez des questions.<\/p>\n\n\n\n<p class=\"has-text-align-center esc-narrow-content\"><strong><strong>Consulter la liste de nos g\u00e9n\u00e9reux<a href=\"https:\/\/centaurtheatre.com\/fr\/donateurs-individuels\/\" data-type=\"page\" data-id=\"2439\" target=\"_blank\" rel=\"noreferrer noopener\"> donateurs individuels.<\/a><\/strong><\/strong><\/p>\n","protected":false},"excerpt":{"rendered":"<p>Campagne annuelle de dons Depuis plus de 50 ans, le Th\u00e9\u00e2tre Centaur est devenu un second chez-soi pour des dizaines de milliers de spectateurs, de supporteurs, d&rsquo;artistes et de techniciens de la communaut\u00e9 th\u00e9\u00e2trale anglophone de Montr\u00e9al. Aujourd&rsquo;hui, nous vous invitons \u00e0 rejoindre notre communaut\u00e9 et \u00e0 nous aider \u00e0 \u00e9crire le prochain chapitre de [&hellip;]<\/p>\n","protected":false},"author":2,"featured_media":0,"parent":0,"menu_order":0,"comment_status":"closed","ping_status":"closed","template":"","meta":{"_acf_changed":false,"footnotes":""},"class_list":["post-465","page","type-page","status-publish","hentry"],"acf":[],"_links":{"self":[{"href":"https:\/\/centaurtheatre.com\/fr\/wp-json\/wp\/v2\/pages\/465","targetHints":{"allow":["GET"]}}],"collection":[{"href":"https:\/\/centaurtheatre.com\/fr\/wp-json\/wp\/v2\/pages"}],"about":[{"href":"https:\/\/centaurtheatre.com\/fr\/wp-json\/wp\/v2\/types\/page"}],"author":[{"embeddable":true,"href":"https:\/\/centaurtheatre.com\/fr\/wp-json\/wp\/v2\/users\/2"}],"replies":[{"embeddable":true,"href":"https:\/\/centaurtheatre.com\/fr\/wp-json\/wp\/v2\/comments?post=465"}],"version-history":[{"count":60,"href":"https:\/\/centaurtheatre.com\/fr\/wp-json\/wp\/v2\/pages\/465\/revisions"}],"predecessor-version":[{"id":24504,"href":"https:\/\/centaurtheatre.com\/fr\/wp-json\/wp\/v2\/pages\/465\/revisions\/24504"}],"wp:attachment":[{"href":"https:\/\/centaurtheatre.com\/fr\/wp-json\/wp\/v2\/media?parent=465"}],"curies":[{"name":"wp","href":"https:\/\/api.w.org\/{rel}","templated":true}]}}