{"id":401,"date":"2023-03-30T11:07:34","date_gmt":"2023-03-30T15:07:34","guid":{"rendered":"https:\/\/centaurtheatre.com\/?page_id=401"},"modified":"2025-09-02T15:12:00","modified_gmt":"2025-09-02T19:12:00","slug":"groupes-enseignants","status":"publish","type":"page","link":"https:\/\/centaurtheatre.com\/fr\/groupes-enseignants\/","title":{"rendered":"Pour groupes &amp; les enseignants"},"content":{"rendered":"\n<h3 class=\"wp-block-heading\">Prix du Th\u00e9\u00e2tre de demain (TOT)<\/h3>\n\n\n\n<p>Les billets pour les groupes d&rsquo;\u00e9l\u00e8ves du secondaire sont de 16 $ chacun pour les matin\u00e9es du mercredi.<\/p>\n\n\n\n<h3 class=\"wp-block-heading\">Billets de groupes<\/h3>\n\n\n\n<p>Groupes de 10+ \u00e9tudiants \/ 30 et moins (CEGEPs &amp; Universities) sont 25,00$<br>Adultes et a\u00een\u00e9s Groupes de 10+ sont 30,00$<\/p>\n\n\n\n<h3 class=\"wp-block-heading\">Billets gratuits<\/h3>\n\n\n\n<p>1 billet gratuit sera offert pour 20 billets achet\u00e9s par groupe.<\/p>\n\n\n\n<div class=\"wp-block-media-text is-stacked-on-mobile\"><figure class=\"wp-block-media-text__media\"><img loading=\"lazy\" decoding=\"async\" width=\"429\" height=\"269\" src=\"https:\/\/centaurtheatre.com\/wp-content\/uploads\/2023\/09\/Canada-Life-new.jpg\" alt=\"\" class=\"wp-image-16085 size-full\" srcset=\"https:\/\/centaurtheatre.com\/wp-content\/uploads\/2023\/09\/Canada-Life-new.jpg 429w, https:\/\/centaurtheatre.com\/wp-content\/uploads\/2023\/09\/Canada-Life-new-300x188.jpg 300w\" sizes=\"auto, (max-width: 429px) 100vw, 429px\" \/><\/figure><div class=\"wp-block-media-text__content\">\n<p class=\"has-h-5-font-size\"><strong>Commanditaire du programme Theatre of Tomorrow<\/strong><\/p>\n<\/div><\/div>\n\n\n\n<div class=\"wp-block-group alignfull two-button-cta esc-narrow-content is-layout-constrained wp-block-group-is-layout-constrained\">\n<div class=\"wp-block-columns is-layout-flex wp-container-core-columns-is-layout-28f84493 wp-block-columns-is-layout-flex\">\n<div class=\"wp-block-column is-layout-flow wp-block-column-is-layout-flow\" style=\"flex-basis:66.66%\">\n<p>Veuillez nous contacter pour les disponibilit\u00e9s pour les performances en matin\u00e9es sur les mercredis pour \u00e9coles au 514-288-1229 x 271<\/p>\n<\/div>\n\n\n\n<div class=\"wp-block-column is-layout-flow wp-block-column-is-layout-flow\" style=\"flex-basis:33.33%\"><\/div>\n<\/div>\n<\/div>\n\n\n\n<h3 class=\"wp-block-heading\"><strong>Discussions guid\u00e9es d\u2019apr\u00e8s-spectacle<\/strong><\/h3>\n\n\n\n<p>Afin de donner l\u2019occasion aux \u00e9tudiants de rencontrer les acteurs, d\u2019\u00e9mettre des commentaires et de poser des questions au sujet de la pi\u00e8ce, des discussions guid\u00e9es d\u2019apr\u00e8s-spectacle ont lieu apr\u00e8s chaque repr\u00e9sentation du TOT.<\/p>\n\n\n\n<h3 class=\"wp-block-heading\">Spectacles et dates pour matin\u00e9es<\/h3>\n\n\n\n<p>Les r\u00e9servations peuvent \u00eatre effectu\u00e9es moyennant un acompte.<\/p>\n\n\n\n<div class=\"wp-block-columns two-columns-cta esc-narrow-content is-layout-flex wp-container-core-columns-is-layout-28f84493 wp-block-columns-is-layout-flex\">\n<div class=\"wp-block-column is-layout-flow wp-block-column-is-layout-flow\">\n<figure class=\"wp-block-image size-large\"><img loading=\"lazy\" decoding=\"async\" width=\"1024\" height=\"1024\" src=\"https:\/\/centaurtheatre.com\/wp-content\/uploads\/2025\/05\/Centaur-2025-26-1690x1690-1-1024x1024.jpg\" alt=\"\" class=\"wp-image-24175\" srcset=\"https:\/\/centaurtheatre.com\/wp-content\/uploads\/2025\/05\/Centaur-2025-26-1690x1690-1-1024x1024.jpg 1024w, https:\/\/centaurtheatre.com\/wp-content\/uploads\/2025\/05\/Centaur-2025-26-1690x1690-1-300x300.jpg 300w, https:\/\/centaurtheatre.com\/wp-content\/uploads\/2025\/05\/Centaur-2025-26-1690x1690-1-150x150.jpg 150w, https:\/\/centaurtheatre.com\/wp-content\/uploads\/2025\/05\/Centaur-2025-26-1690x1690-1-768x768.jpg 768w, https:\/\/centaurtheatre.com\/wp-content\/uploads\/2025\/05\/Centaur-2025-26-1690x1690-1-1536x1536.jpg 1536w, https:\/\/centaurtheatre.com\/wp-content\/uploads\/2025\/05\/Centaur-2025-26-1690x1690-1.jpg 1690w\" sizes=\"auto, (max-width: 1024px) 100vw, 1024px\" \/><\/figure>\n<\/div>\n\n\n\n<div class=\"wp-block-column is-vertically-aligned-center is-layout-flow wp-block-column-is-layout-flow\">\n<h2 class=\"wp-block-heading\">Stone and Bone Spectacular<\/h2>\n\n\n\n<p><strong>15 octobre \u2013 26 octobre, 2025<\/strong><\/p>\n\n\n\n<div class=\"wp-block-buttons is-layout-flex wp-block-buttons-is-layout-flex\">\n<div class=\"wp-block-button\"><a class=\"wp-block-button__link wp-element-button\" href=\"https:\/\/centaurtheatre.com\/fr\/shows\/stone-and-bone-spectacular\/\" target=\"_blank\" rel=\"noreferrer noopener\">Plus d&rsquo;infos<\/a><\/div>\n<\/div>\n<\/div>\n<\/div>\n\n\n\n<div class=\"wp-block-columns two-columns-cta--reversed two-columns-cta esc-narrow-content is-layout-flex wp-container-core-columns-is-layout-28f84493 wp-block-columns-is-layout-flex\">\n<div class=\"wp-block-column is-layout-flow wp-block-column-is-layout-flow\">\n<h2 class=\"wp-block-heading\">Kisses Deep<\/h2>\n\n\n\n<p><strong>26 novembre \u2013 14 d\u00e9cembre 2025<\/strong><\/p>\n\n\n\n<div class=\"wp-block-buttons is-layout-flex wp-block-buttons-is-layout-flex\">\n<div class=\"wp-block-button\"><a class=\"wp-block-button__link wp-element-button\" href=\"https:\/\/centaurtheatre.com\/fr\/shows\/kisses-deep\/\" target=\"_blank\" rel=\"noreferrer noopener\">Plus d&rsquo;infos<\/a><\/div>\n<\/div>\n<\/div>\n\n\n\n<div class=\"wp-block-column is-layout-flow wp-block-column-is-layout-flow\">\n<figure class=\"wp-block-image size-large\"><img loading=\"lazy\" decoding=\"async\" width=\"1024\" height=\"1024\" src=\"https:\/\/centaurtheatre.com\/wp-content\/uploads\/2025\/05\/Centaur-2025-26-1690x1690-2-1024x1024.jpg\" alt=\"\" class=\"wp-image-24178\" srcset=\"https:\/\/centaurtheatre.com\/wp-content\/uploads\/2025\/05\/Centaur-2025-26-1690x1690-2-1024x1024.jpg 1024w, https:\/\/centaurtheatre.com\/wp-content\/uploads\/2025\/05\/Centaur-2025-26-1690x1690-2-300x300.jpg 300w, https:\/\/centaurtheatre.com\/wp-content\/uploads\/2025\/05\/Centaur-2025-26-1690x1690-2-150x150.jpg 150w, https:\/\/centaurtheatre.com\/wp-content\/uploads\/2025\/05\/Centaur-2025-26-1690x1690-2-768x768.jpg 768w, https:\/\/centaurtheatre.com\/wp-content\/uploads\/2025\/05\/Centaur-2025-26-1690x1690-2-1536x1536.jpg 1536w, https:\/\/centaurtheatre.com\/wp-content\/uploads\/2025\/05\/Centaur-2025-26-1690x1690-2.jpg 1690w\" sizes=\"auto, (max-width: 1024px) 100vw, 1024px\" \/><\/figure>\n<\/div>\n<\/div>\n\n\n\n<div class=\"wp-block-columns two-columns-cta esc-narrow-content is-layout-flex wp-container-core-columns-is-layout-28f84493 wp-block-columns-is-layout-flex\">\n<div class=\"wp-block-column is-layout-flow wp-block-column-is-layout-flow\">\n<figure class=\"wp-block-image size-large\"><img loading=\"lazy\" decoding=\"async\" width=\"1024\" height=\"1024\" src=\"https:\/\/centaurtheatre.com\/wp-content\/uploads\/2025\/05\/Centaur-2025-26-1690x1690-3-1024x1024.jpg\" alt=\"\" class=\"wp-image-24181\" srcset=\"https:\/\/centaurtheatre.com\/wp-content\/uploads\/2025\/05\/Centaur-2025-26-1690x1690-3-1024x1024.jpg 1024w, https:\/\/centaurtheatre.com\/wp-content\/uploads\/2025\/05\/Centaur-2025-26-1690x1690-3-300x300.jpg 300w, https:\/\/centaurtheatre.com\/wp-content\/uploads\/2025\/05\/Centaur-2025-26-1690x1690-3-150x150.jpg 150w, https:\/\/centaurtheatre.com\/wp-content\/uploads\/2025\/05\/Centaur-2025-26-1690x1690-3-768x768.jpg 768w, https:\/\/centaurtheatre.com\/wp-content\/uploads\/2025\/05\/Centaur-2025-26-1690x1690-3-1536x1536.jpg 1536w, https:\/\/centaurtheatre.com\/wp-content\/uploads\/2025\/05\/Centaur-2025-26-1690x1690-3.jpg 1690w\" sizes=\"auto, (max-width: 1024px) 100vw, 1024px\" \/><\/figure>\n<\/div>\n\n\n\n<div class=\"wp-block-column is-layout-flow wp-block-column-is-layout-flow\">\n<h2 class=\"wp-block-heading\">Goblin : Macbeth<\/h2>\n\n\n\n<p><strong>4 mars \u2013 22 mars, 2026<\/strong><\/p>\n\n\n\n<div class=\"wp-block-buttons is-layout-flex wp-block-buttons-is-layout-flex\">\n<div class=\"wp-block-button\"><a class=\"wp-block-button__link wp-element-button\" href=\"https:\/\/centaurtheatre.com\/fr\/shows\/goblinmacbeth\/\" target=\"_blank\" rel=\"noreferrer noopener\">Plus d&rsquo;infos<\/a><\/div>\n<\/div>\n<\/div>\n<\/div>\n\n\n\n<div class=\"wp-block-columns two-columns-cta--reversed two-columns-cta esc-narrow-content is-layout-flex wp-container-core-columns-is-layout-28f84493 wp-block-columns-is-layout-flex\">\n<div class=\"wp-block-column is-layout-flow wp-block-column-is-layout-flow\">\n<h2 class=\"wp-block-heading\">Seeker<\/h2>\n\n\n\n<p><strong>15 avril \u2013 3 mai, 2026<\/strong><\/p>\n\n\n\n<div class=\"wp-block-buttons is-layout-flex wp-block-buttons-is-layout-flex\">\n<div class=\"wp-block-button\"><a class=\"wp-block-button__link wp-element-button\" href=\"https:\/\/centaurtheatre.com\/fr\/shows\/seeker\/\" target=\"_blank\" rel=\"noreferrer noopener\">Plus d&rsquo;infos<\/a><\/div>\n<\/div>\n<\/div>\n\n\n\n<div class=\"wp-block-column is-layout-flow wp-block-column-is-layout-flow\">\n<figure class=\"wp-block-image size-large\"><img loading=\"lazy\" decoding=\"async\" width=\"1024\" height=\"1024\" src=\"https:\/\/centaurtheatre.com\/wp-content\/uploads\/2025\/05\/Centaur-2025-26-1690x1690-4-1024x1024.jpg\" alt=\"\" class=\"wp-image-24184\" srcset=\"https:\/\/centaurtheatre.com\/wp-content\/uploads\/2025\/05\/Centaur-2025-26-1690x1690-4-1024x1024.jpg 1024w, https:\/\/centaurtheatre.com\/wp-content\/uploads\/2025\/05\/Centaur-2025-26-1690x1690-4-300x300.jpg 300w, https:\/\/centaurtheatre.com\/wp-content\/uploads\/2025\/05\/Centaur-2025-26-1690x1690-4-150x150.jpg 150w, https:\/\/centaurtheatre.com\/wp-content\/uploads\/2025\/05\/Centaur-2025-26-1690x1690-4-768x768.jpg 768w, https:\/\/centaurtheatre.com\/wp-content\/uploads\/2025\/05\/Centaur-2025-26-1690x1690-4-1536x1536.jpg 1536w, https:\/\/centaurtheatre.com\/wp-content\/uploads\/2025\/05\/Centaur-2025-26-1690x1690-4.jpg 1690w\" sizes=\"auto, (max-width: 1024px) 100vw, 1024px\" \/><\/figure>\n<\/div>\n<\/div>\n\n\n\n<div class=\"wp-block-columns two-columns-cta--reversed two-columns-cta esc-narrow-content is-layout-flex wp-container-core-columns-is-layout-28f84493 wp-block-columns-is-layout-flex\"><\/div>\n","protected":false},"excerpt":{"rendered":"<p>Prix du Th\u00e9\u00e2tre de demain (TOT) Les billets pour les groupes d&rsquo;\u00e9l\u00e8ves du secondaire sont de 16 $ chacun pour les matin\u00e9es du mercredi. Billets de groupes Groupes de 10+ \u00e9tudiants \/ 30 et moins (CEGEPs &amp; Universities) sont 25,00$Adultes et a\u00een\u00e9s Groupes de 10+ sont 30,00$ Billets gratuits 1 billet gratuit sera offert pour [&hellip;]<\/p>\n","protected":false},"author":2,"featured_media":0,"parent":0,"menu_order":0,"comment_status":"closed","ping_status":"closed","template":"","meta":{"_acf_changed":false,"footnotes":""},"class_list":["post-401","page","type-page","status-publish","hentry"],"acf":[],"_links":{"self":[{"href":"https:\/\/centaurtheatre.com\/fr\/wp-json\/wp\/v2\/pages\/401","targetHints":{"allow":["GET"]}}],"collection":[{"href":"https:\/\/centaurtheatre.com\/fr\/wp-json\/wp\/v2\/pages"}],"about":[{"href":"https:\/\/centaurtheatre.com\/fr\/wp-json\/wp\/v2\/types\/page"}],"author":[{"embeddable":true,"href":"https:\/\/centaurtheatre.com\/fr\/wp-json\/wp\/v2\/users\/2"}],"replies":[{"embeddable":true,"href":"https:\/\/centaurtheatre.com\/fr\/wp-json\/wp\/v2\/comments?post=401"}],"version-history":[{"count":24,"href":"https:\/\/centaurtheatre.com\/fr\/wp-json\/wp\/v2\/pages\/401\/revisions"}],"predecessor-version":[{"id":24799,"href":"https:\/\/centaurtheatre.com\/fr\/wp-json\/wp\/v2\/pages\/401\/revisions\/24799"}],"wp:attachment":[{"href":"https:\/\/centaurtheatre.com\/fr\/wp-json\/wp\/v2\/media?parent=401"}],"curies":[{"name":"wp","href":"https:\/\/api.w.org\/{rel}","templated":true}]}}