{"id":2439,"date":"2023-04-06T11:14:29","date_gmt":"2023-04-06T15:14:29","guid":{"rendered":"https:\/\/centaurtheatre.com\/individual-donors\/"},"modified":"2026-02-03T16:29:49","modified_gmt":"2026-02-03T21:29:49","slug":"donateurs-individuels","status":"publish","type":"page","link":"https:\/\/centaurtheatre.com\/fr\/donateurs-individuels\/","title":{"rendered":"Donateurs individuels"},"content":{"rendered":"\n<div class=\"wp-block-columns two-columns-cta esc-narrow-content is-layout-flex wp-container-core-columns-is-layout-28f84493 wp-block-columns-is-layout-flex\">\n<div class=\"wp-block-column is-layout-flow wp-block-column-is-layout-flow\">\n<figure class=\"wp-block-image size-large\"><img loading=\"lazy\" decoding=\"async\" width=\"1024\" height=\"1024\" src=\"https:\/\/centaurtheatre.com\/wp-content\/uploads\/2023\/04\/mosaic-new-1024x1024.png\" alt=\"\" class=\"wp-image-2432\" srcset=\"https:\/\/centaurtheatre.com\/wp-content\/uploads\/2023\/04\/mosaic-new-1024x1024.png 1024w, https:\/\/centaurtheatre.com\/wp-content\/uploads\/2023\/04\/mosaic-new-300x300.png 300w, https:\/\/centaurtheatre.com\/wp-content\/uploads\/2023\/04\/mosaic-new-150x150.png 150w, https:\/\/centaurtheatre.com\/wp-content\/uploads\/2023\/04\/mosaic-new-768x768.png 768w, https:\/\/centaurtheatre.com\/wp-content\/uploads\/2023\/04\/mosaic-new.png 1256w\" sizes=\"auto, (max-width: 1024px) 100vw, 1024px\" \/><\/figure>\n<\/div>\n\n\n\n<div class=\"wp-block-column is-layout-flow wp-block-column-is-layout-flow\">\n<h3 class=\"wp-block-heading\"><strong>Luminary ($5000+)<\/strong><\/h3>\n\n\n\n<p>Anonyme (2)<br>Michael Baratta<br>Susan Da Sie**<br>Victor &amp; Leslie Eiser<br>Laurent Ferreira &amp; Leslie Sliver**<br>John Gallop<br>Ernie &amp; Belle Grivakis, VVS Films<br>Kristine &amp; Steve Hurlburt, La Fondation Highwater<br>Hugh &amp; Beth McAdams<br>Anastasia Nakis<br>Hartland Paterson &amp; Beth Noel<br>Vincent M. Prager**<br>Wendellyn Reid<br>Sofia Ruggiero<br>David &amp; Valerie Shannon<br>Tim Southam**<br>Marisa Testa, \u00e0 la douce m\u00e9moire de Tiziano Giacomini, Filippa Parisella-Testa, Francesco &amp; Magno Testa<br>Norma Tombari<br>Christopher Winn<br>Ken Woods<\/p>\n\n\n\n<div class=\"wp-block-buttons is-layout-flex wp-block-buttons-is-layout-flex\"><\/div>\n\n\n\n<h3 class=\"wp-block-heading\"><strong>Superstar (<strong>$<\/strong>2,500-<strong>$<\/strong>4,999)<\/strong><\/h3>\n\n\n\n<p>Randall Kelly<br>Diane King<br>Robert &amp; Junith Mee**<br>Jonathan Peck &amp; Alena Perout<br>Caitlin E. Rose**<\/p>\n<\/div>\n<\/div>\n\n\n\n<h3 class=\"wp-block-heading esc-narrow-content\"><strong>Star (<strong>$<\/strong>1,000-<strong>$<\/strong>2,499)<\/strong><\/h3>\n\n\n\n<div class=\"wp-block-columns esc-narrow-content is-layout-flex wp-container-core-columns-is-layout-28f84493 wp-block-columns-is-layout-flex\">\n<div class=\"wp-block-column is-layout-flow wp-block-column-is-layout-flow\">\n<p>Anonyme (4)<br>Varouj Artokun**<br>Clair Balfour &amp; Marci McDonald**<br>Janet Black**<br>Fond Charitable Jim &amp; Diana Bouchard<br>Dr. &amp; Mme. John Chen**<br>Michael &amp; Tatsuko Cooper<br>Hera Bell &amp; Anthony Czaharyn<br>Frank &amp; Ducky Donath<br>Howard &amp; Joan Golberg<br>Jim Haiman etThao Phan<br>Lee &amp; Janet Harrison<br>John Henry Jones<\/p>\n<\/div>\n\n\n\n<div class=\"wp-block-column is-layout-flow wp-block-column-is-layout-flow\">\n<p>Richard A. Kelertas**<br>Jeff &amp; Sandra Khoury**<br>Robert King<br>Rita Leistner**<br>Senateur Tony Loffreda**<br>Neil Matheson**<br>Christopher Kim Playle<br>Cherry &amp; Michael Richards**<br>Wanda &amp; Mark Sadowski, \u00e0 la m\u00e9moire de John Louis Ariano<br>Susan Smith<br>Linda Stephens<br>La Fondation Familiale Ronald &amp; Carmela Vincelli<br>Denyse &amp; Robert Walsh<\/p>\n\n\n\n<p><br><br><br><\/p>\n<\/div>\n<\/div>\n\n\n\n<h3 class=\"wp-block-heading esc-narrow-content\" id=\"leading-roles-500-999\"><strong>Leading Role (<strong>$<\/strong>500-<strong>$<\/strong>999)<\/strong><\/h3>\n\n\n\n<div class=\"wp-block-columns esc-narrow-content is-layout-flex wp-container-core-columns-is-layout-28f84493 wp-block-columns-is-layout-flex\">\n<div class=\"wp-block-column is-layout-flow wp-block-column-is-layout-flow\" style=\"flex-basis:100%\">\n<div class=\"wp-block-columns is-layout-flex wp-container-core-columns-is-layout-28f84493 wp-block-columns-is-layout-flex\">\n<div class=\"wp-block-column is-layout-flow wp-block-column-is-layout-flow\">\n<p>Anonyme (6)<br>Levon &amp; Ana Afeyan**<br>Carlo Alacchi**<br>La famille Belmer<br>J\u00e9r\u00f4me Bichut<br>Maja &amp; Peter Blaikie<br>Centaur Together Fund<br>James Cherry &amp; Jane Craighead<br>Chuck Childs &amp; Anne Clark<br>Jill De Villafranca<br>Linda &amp; Gordon Crelinsten<br>N. J. Economides<br>Robert Yalden &amp; Pearl Eliadis**<br>Paola Farnesi<br>Martin Farnsworth**<br>Dr. Beth Foster*<br>Susan Fitzpatrick<br>Silvia Galeone, Manuvie**<br>Joni Gaines-Jennings**<br>Anna Giamp\u00e0**<br>Lenny Gordon**<br>Fondation Familiale Grant<\/p>\n<\/div>\n\n\n\n<div class=\"wp-block-column is-layout-flow wp-block-column-is-layout-flow\">\n<p>Phillipe Grubert<br>Eric Hamid**<br>Pat Hamilton<br>Diane Hotton<br>Katrine Hurtubise<br>Connie Iacono**<br>Glenna Uline &amp; Stephen Jacobson<br>Ann Lambert<br>Christina &amp; Colin<br>Claude Malouin**<br>Jean Marchand*<br>Margaret McGrath<br>Judith Mendelsohn, en l&rsquo;honneur de Eda Holmes et Howard Mendelsohn<br>Aleksandra Oleszkiewicz**<br>Ana Papazian**<br>Toni B. Pontarelli**<br>Deborah Pow**<br>Aaron Rand<br>Connie &amp; Eric Rose<br>M. Claudio Stabile**<br>Alison Stevens<br>John A. Stewart*<br>M. &amp; Mme. Scott Taylor<br>Bobby &amp; Denise Vourtzoumis**<br>Brian Williams<\/p>\n<\/div>\n<\/div>\n<\/div>\n<\/div>\n\n\n\n<h3 class=\"wp-block-heading esc-narrow-content\" id=\"featured-players-250-499\"><strong>Featured Player (<strong>$<\/strong>250-<strong>$<\/strong>499)<\/strong><\/h3>\n\n\n\n<div class=\"wp-block-columns esc-narrow-content is-layout-flex wp-container-core-columns-is-layout-28f84493 wp-block-columns-is-layout-flex\">\n<div class=\"wp-block-column is-layout-flow wp-block-column-is-layout-flow\">\n<p>Anonyme (4)<br>Marianne Ackerman**<br>Senator W. David Angus, Q.C., Ad.E.<br>Peggy Baker<br>Thomas Barr\u00e9**<br>Marc L. Belcourt, \u00e0 la m\u00e9moire de Lorraine<br>Roger Laurent Bernier**<br>Marlene Brownstein<br>Alex &amp; Barbara Brzezinski**<br>Jack Buksbaum<br>Lorena Cook<br>Paula Danckert<br>Barbara Discenza, \u00e0 la m\u00e9moire de Ruth and Giuseppe Discenza<br>Dan Dutton<br>John &amp; Knut<br>Kenneth Foster<br>Linda Gaboriau<br>Bellinda Gosdanian**<br>Rimma Grempel**<\/p>\n<\/div>\n\n\n\n<div class=\"wp-block-column is-layout-flow wp-block-column-is-layout-flow\">\n<p>Peter Guay<br>Anne Holloway<br>Ken &amp; Sylvie Ingram<br>Tina Lapolla<br>Tony Layton<br>Yvonne Lee**<br>Rodrigue Lussier**<br>Donald &amp; Leigh MacKenzie Taylor<br>Christine Maydossian**<br>Catherine McCuaig, en l&rsquo;honneur de Laurent Pitre<br>Charlie McKendy, \u00e0 la m\u00e9moire de Tom McKendy**<br>Marcia McKenzie<br>Allen Mendelsohn, en l&rsquo;honneur de Howard Mendelsohn<br>Dr. Andrew Mok**<br>Ron &amp; Jane<br>Katherine Robb<br>Paul Rubin<br>Francis Scarpaleggia**<br>Dorothy Sims<br>David &amp; Andr\u00e9e Tait, \u00e0 la m\u00e9moire de Nancy Gallop<br>Bernice Tzicas**<br>Donald T. Walcot**<\/p>\n\n\n\n<p><br><br><\/p>\n<\/div>\n<\/div>\n\n\n\n<h3 class=\"wp-block-heading esc-narrow-content\" id=\"featured-players-250-499\"><strong>Supporting Actor (<strong>$<\/strong>150-<strong>$<\/strong>249)<\/strong><\/h3>\n\n\n\n<div class=\"wp-block-columns esc-narrow-content is-layout-flex wp-container-core-columns-is-layout-28f84493 wp-block-columns-is-layout-flex\">\n<div class=\"wp-block-column is-layout-flow wp-block-column-is-layout-flow\">\n<p>Anonyme (6)<br>Andrew April<br>Kenneth Atlas<br>Hilda Bel**<br>Elsa Bolam Podbrey<br>Jay &amp; Lynda Brophy<br>Nora &amp; Miguel Burnier<br>Linda Cochrane<br>Barbara &amp; Stephen Coplan<br>Dr. Marc Donato**<br>Chris Emergui<br>Grace Fattal**<br>Robert Feinstein<br>Dawn Fequiere**<br>Tim Fort<br>Toby Gilsig<br>Antoinette Greco<br>Ura Greenbaum**<br>Wendy Hedrich<\/p>\n\n\n\n<p><\/p>\n<\/div>\n\n\n\n<div class=\"wp-block-column is-layout-flow wp-block-column-is-layout-flow\">\n<p>Viki Hountalas &amp; Darrell Irons<br>Peter &amp; Amy Howick<br>Richard Kawa<br>Paula Kestelman<br>George &amp; Marguerite King<br>Ian Knowles<br>Rosemary &amp; Gilles Larin<br>William Littler**<br>Robert McKoy**<br>Menegati Design<br>John and Ellen Meredith**<br>Christopher &amp; Lorette Noble<br>M. Michael Panzera**<br>Gary Pekeles, avec gratitude \u00e0 Dr. John Chen<br>Daniel Proulx<br>Peter Roberts**<br>Laurie Rosenthal**<br>Laura Santini<br>Eloi Savoie<br>Cindy Sherwin<br>Shelley Tepperman, \u00e0 la m\u00e9moire de Svetlana Zylin<br>Lora Tombari<br>David Vanneck**<br>Effie Vassilas**<br>Lucimar Volpon**<br>Gisele Wilson**<br>Robert Ye**<\/p>\n\n\n\n<p><br><br><br><\/p>\n<\/div>\n<\/div>\n\n\n\n<h3 class=\"wp-block-heading esc-narrow-content\" id=\"featured-players-250-499\"><strong>Ensemble (<strong>$<\/strong>100-<strong>$1<\/strong>49)<\/strong><\/h3>\n\n\n\n<div class=\"wp-block-columns esc-narrow-content is-layout-flex wp-container-core-columns-is-layout-28f84493 wp-block-columns-is-layout-flex\">\n<div class=\"wp-block-column is-layout-flow wp-block-column-is-layout-flow\">\n<p>Anonyme (17)<br>Alice Abracen *<br>Sandra Belisle<br>Kersti-Ly Biro<br>Trevor Bishop<br>Joanne &amp; Bill Booth**<br>Barbara &amp; Alex Brzezinski<br>Richard Bull<br>Catherine Cahill*<br>Catherine Chase<br>Katherine Crewe*<br>Ida D&rsquo;Adamo<br>Eden Daniel<br>Donna J. David<br>Susan Drouin<br>Carla Laufer &amp; Alfred Edel*<br>Jason Edwards<br>Joelle El-Feghali**<br>Christophe Faure<br>Anna &amp; Irwin Fruchter<br>Kevin Golberg<br>Jay Goldman<br>Dr. Muriel Gold, C.M.<br>Kathryn Heller-Mcroberts<br>Diana Henry, en l&rsquo;honneur \u00e0 la cr\u00e9ativit\u00e9 \u00e0 Montr\u00e9al<br>John &amp; Helga Hobday<br>Guylaine Houle*<br>Janet Kennedy<br>Shawn Kerwin<br>Barbara &amp; David Klineberg<br>Resa Leinwand<br>Mary Linard<br>Gerry Lipnowski<br>Karen Macdonald*<br>Lisa Macmartin<\/p>\n<\/div>\n\n\n\n<div class=\"wp-block-column is-layout-flow wp-block-column-is-layout-flow\">\n<p>Alexander Macsween, \u00e0 la m\u00e9moire de George Wall<br>Silvia Marcello<br>Toni Marcogliese*<br>M. Peter Marcovitz &amp; J. Borenstein<br>Raffaella Marino<br>Vivianne Mckoy<br>Howard Mendelsohn<br>Gary Millward And Donna David<br>Jennifer Milne-Smith<br>Fiona Murray<br>Joanne Nemeroff<br>Eleanor Noble, en l&rsquo;honneur de Kevin (Spike) Lynch<br>Antonio Paolucci<br>Peter &amp; Joyce Payan<br>Knud Petersen<br>Mary Poland<br>Beverly Prentice<br>June Rittmeyer<br>David Rolston<br>Nancy Rosenfeld**<br>Catherine Rowe<br>Peter Sladowski &amp; Susanne Koltai \u00e0 la m\u00e9moire de Marinette Sladowski<br>Mona &amp; David Saltzman<br>Layne Shutt<br>Suzanne Smith*<br>Colin Soskolne<br>Ilse Sullivan*<br>Debra Surjadinata*<br>Elizabeth Thorp<br>Charlene Todaschuk, en l&rsquo;honneur de Haleema Mini<br>Mario Tombari<br>Catherine Tyndale*<br>Feli Varas<br>Kay Watson-Jarvis &amp; Colin Jarvis<br>Eric Whist**<br>Mary Ann Wintoniak<br>Gerald Zion<\/p>\n<\/div>\n<\/div>\n\n\n\n<h3 class=\"wp-block-heading esc-narrow-content\" id=\"featured-players-250-499\"><strong>Chorus (1-<strong>$<\/strong>99)<\/strong><\/h3>\n\n\n\n<div class=\"wp-block-columns esc-narrow-content is-layout-flex wp-container-core-columns-is-layout-28f84493 wp-block-columns-is-layout-flex\">\n<div class=\"wp-block-column is-layout-flow wp-block-column-is-layout-flow\">\n<p>Anonyme (16)<br>Robert Abarno *<br>Fatma Abedi *<br>Dr. Ya\u00ebl Acre &amp; M. Christopher Hosein *<br>Maria Alevisatos *<br>Frances Alexander *<br>Chaam Alkhouli *<br>Philip Almaguer *<br>Eileen Ancman *<br>Geoff Anderson *<br>Martine Anglade *<br>Erene Anthony *<br>Daphne Armstrong *<br>Hanna Arnason *<br>Sheila Arnold *<br>Judith H Atkinson *<br>Bernard Bannon<br>Ann Marie Bard*<br>Guy Barre *<br>Pete Barry *<br>Henry Bartlet<br>Kelly Bennett<br>Elizabeth Billyard *<br>Marie-Christine Blais *<br>Gabriel Boardman *<br>Monique Bois<br>Carmelo Bommarito *<br>Melanie Bourgeois *<br>Gordon Bowles *<br>Taylor Brelsford *<br>Jean Brisebois *<br>Scott Broady *<br>Philip Brock *<br>Richard Brown *<br>Kara Brulotte *<br>Robert Philip Buckley *<br>Sara Capanna *<br>Bruce Case *<br>Wendy Cazabon *<br>Hayden Chambers *<br>Elaine Champagne *<br>David Chan *<br>Anthony Charron *<br>Linda Chernin Rosenblatt *<br>Julie Choquet *<br>Michael Conway *<br>Gis\u00e8le Cormier *<br>Tiernan Cornford *<br>Alain Cote *<br>Sarolta Csete *<br>Shannon Curnew *<br>Susan Czarnocki<br>Alison Dalman *<br>Debbie Dankoff *<br>Donna Davidson<br>Janna De Rycke *<br>Lisa Deer *<br>Arlene Delaronde *<br>Julie Delisle *<br>Russell Devuyst *<br>Cynthia Donahue*<br>Maya Dow *<br>Ms. Laurette Dubeau<br>Liam Durcan *<br>Elizabeth &amp; Robert Eaman<br>Alicia Eisen *<br>Islam Eissa *<br>Margaret Ann Elbourne *<br>Lauren Enright *<br>John Fairbrother *<br>Mary Aileen Faron *<br>Laura Fernandez<br>Micaela Fernandez<br>M. &amp; Mme. Simon Finkelstein *<br>Christine Finlayson *<br>Nicole Fischer Gasser<br>Shane Forrest *<br>Tommy Fournier *<br>Marilena Frand *<br>Gilles Fret<br>S\u00e9bastien B. Gagnon<br>Genevieve Gagnon-Joseph *<br>Jan Gallant *<br>David Gamper *<br>Lise Lalonde Gaucher *<br>Marc Gedeon *<br>Sophie Giardina<br>Richard Giasson *<br>Julie Giroux *<br>Alexander Gnatenko *<br>Val\u00e9rie Gosselin *<br>Marina Goussalova *<br>Aaron Graf *<br>John Gray *<br>Debbie Gray, \u00e0 la m\u00e9moire de Helga Gray<br>Denis Gregoire *<br>John Gubany *<br>Ursula Gullasch *<br>Alix Hadaya *<br>Victoria Hall<br>Linda Handiak *<br>Dominic Hardy *<br>Joel Harris *<br>Steve Hatajlo *<br>Alan W. &amp; Jean Hazel<br>Peter &amp; Lily Hechtman *<br>Brigitt Heger *<br>Anna Maria Henderson *<br>Raoul Heredia *<br>Faten Hodroge *<br>Fiona Hogg<br>Liying Huang *<br>Ruth Hubermann *<br>Julian Hung *<br>Lorraine Huza *<br>Stephanie Hygate *<br>George Ivanihin *<br>Anna Ivanova *<br>Lynn Jacobs *<br>Nora Jaffary *<br>Sophie Janknecht *<br>Richard Jewell *<br>Francine Jones *<br>Zsuzsanna Kapas *<br>Spiri Katerelos *<br>Judy &amp; Irving Katsof *<br>Sheila Keenan *<br>Julie Kelertas *<br>John Kelley *<br>Elena Khashimova *<\/p>\n<\/div>\n\n\n\n<div class=\"wp-block-column is-layout-flow wp-block-column-is-layout-flow\">\n<p>Peter Kibiuk *<br>Peggy Killeen<br>Sun-Young Kim *<br>Jacob Kincler *<br>Judy Koonar<br>Suzanne Korf<br>Lynn Kozak *<br>Stan Kubow *<br>Clara Kwan *<br>Karine Lachapelle *<br>Sara Laimon *<br>Kristina Lamarre *<br>Judy Lapalme *<br>Janice Lariviere *<br>Jonathan Lavalle *<br>Debra Lazar *<br>Veronique Le Flaguais *<br>Nataly Le Page *<br>Ronald Norman Lea *<br>Brenda Lee**<br>Alain Lesage *<br>Victoria Levitan *<br>Scott Leydon<br>Andrew Lister *<br>Pauline Little *<br>Glenna Macleod<br>Frank Maiore *<br>Sharon Malone *<br>Kathleen Manchur *<br>Fouad Mansour *<br>Helene Marcogliese *<br>M Martin *<br>Sara Masciotra-Milstein *<br>Dian Masse<br>Ina Matthews<br>John Mayfield *<br>Carrie Mazoff *<br>Ian Mccance *<br>Katherine Mcclintock *<br>Ghyslaine Mcclure *<br>Mary Mccomber *<br>Nathan Mcdonald *<br>Barb &amp; Jerry Mcgovern *<br>Mary J Mclaughlin *<br>Ginette Menard *<br>Margie Mendell *<br>Bryan Mihok *<br>Thomas Miller *<br>Haleema Mini<br>Catherine Moore *<br>Alexandre Morin<br>Caroline Nabozniak *<br>Zaid Naji *<br>Beth Nanton *<br>Alain Neemeh *<br>Aur\u00e9lie-An Nguyen *<br>Madelynn Nickles *<br>Andrei Nicolicioiu *<br>Natasha Nuhanovic *<br>Mark Oberski *<br>Martinien Okete Moke *<br>Pinar Orbay<br>Adrian Palidis *<br>Betty Palik *<br>Justin Panasci *<br>Marianna Pavukova *<br>Jean Pelletier *<br>Mathieu Pelletier<br>Robert Petrera *<br>Katherine Phillips<br>Martine Piche *<br>Rosetta Pilozzi *<br>Kristi Pineda *<br>Eugene Plawutsky *<br>Danielle Poirier *<br>Carol Powel Smith *<br>Sharon Pratt *<br>Douglas Price *<br>Rami Raad**<br>Penny Rankin *<br>Lucy Ravinsky<br>Michael Renard *<br>Dina Rochdi *<br>Marc-Etienne Rousseau *<br>Lucie Rousseau *<br>Thalia Savard *<br>Monique Savoie**<br>David Sewell *<br>Perry Shearwood<br>Patrick Shield *<br>Igor Shihman *<br>Vitaliy Shkuratov *<br>Megan Siow, en l&rsquo;honneur de Yin Han &amp; Karen Siow et Haleema Mini<br>Gabrielle Soskin<br>Jennifer Southam *<br>Cheryl Stephenson<br>Martha Stewart *<br>Carmen Sylvain *<br>Beverlea Tallant<br>Gillian Taylor *<br>Audrey Th\u00e9riault *<br>Brian Thompson *<br>Lily Thukral *<br>Tavia Tolleson<br>Roumy Toneva *<br>Bruce Torrey *<br>Irma Treska *<br>Peter Tully &amp; Nicole Brunet<br>Juliette Valcke *<br>Raphael Vargas *<br>Anna Varpakhovskaia *<br>Lucas Vasquez<br>Danielle Vazan **<br>Giovanna Veneziano<br>Ricardo Vergel Loo *<br>Pavel Vodov *<br>Brendan Walsh *<br>Cathy Watt *<br>Shannon Webb *<br>Deborah Weissberg<br>Dakota Wellman *<br>Maxwell Wiltzer *<br>Janice Winslow<br>Paul Wittes *<br>Dov Wittes *<br>Sigrid Wodtke *<br>Martin Wong *<br>Nann Yearow *<br>Bogdana Yordanova *<br>In\u00e8s Zaouche *<br>Kateryna Zaporozhets *<br>Ruth Zimerman *<br>Stelios Zyglidopoulos *<\/p>\n\n\n\n<p><br><\/p>\n<\/div>\n<\/div>\n\n\n\n<p class=\"has-text-align-left\">*En soutien au programme Theatre of Tomorrow<\/p>\n\n\n\n<p>**En soutien d&rsquo;un \u00e9v\u00e9nement<\/p>\n","protected":false},"excerpt":{"rendered":"<p>Luminary ($5000+) Anonyme (2)Michael BarattaSusan Da Sie**Victor &amp; Leslie EiserLaurent Ferreira &amp; Leslie Sliver**John GallopErnie &amp; Belle Grivakis, VVS FilmsKristine &amp; Steve Hurlburt, La Fondation HighwaterHugh &amp; Beth McAdamsAnastasia NakisHartland Paterson &amp; Beth NoelVincent M. Prager**Wendellyn ReidSofia RuggieroDavid &amp; Valerie ShannonTim Southam**Marisa Testa, \u00e0 la douce m\u00e9moire de Tiziano Giacomini, Filippa Parisella-Testa, Francesco &amp; Magno [&hellip;]<\/p>\n","protected":false},"author":2,"featured_media":0,"parent":0,"menu_order":0,"comment_status":"closed","ping_status":"closed","template":"","meta":{"_acf_changed":false,"footnotes":""},"class_list":["post-2439","page","type-page","status-publish","hentry"],"acf":[],"_links":{"self":[{"href":"https:\/\/centaurtheatre.com\/fr\/wp-json\/wp\/v2\/pages\/2439","targetHints":{"allow":["GET"]}}],"collection":[{"href":"https:\/\/centaurtheatre.com\/fr\/wp-json\/wp\/v2\/pages"}],"about":[{"href":"https:\/\/centaurtheatre.com\/fr\/wp-json\/wp\/v2\/types\/page"}],"author":[{"embeddable":true,"href":"https:\/\/centaurtheatre.com\/fr\/wp-json\/wp\/v2\/users\/2"}],"replies":[{"embeddable":true,"href":"https:\/\/centaurtheatre.com\/fr\/wp-json\/wp\/v2\/comments?post=2439"}],"version-history":[{"count":94,"href":"https:\/\/centaurtheatre.com\/fr\/wp-json\/wp\/v2\/pages\/2439\/revisions"}],"predecessor-version":[{"id":25896,"href":"https:\/\/centaurtheatre.com\/fr\/wp-json\/wp\/v2\/pages\/2439\/revisions\/25896"}],"wp:attachment":[{"href":"https:\/\/centaurtheatre.com\/fr\/wp-json\/wp\/v2\/media?parent=2439"}],"curies":[{"name":"wp","href":"https:\/\/api.w.org\/{rel}","templated":true}]}}