{"id":17742,"date":"2024-02-22T12:40:40","date_gmt":"2024-02-22T17:40:40","guid":{"rendered":"https:\/\/centaurtheatre.com\/?page_id=17742"},"modified":"2025-02-17T14:49:09","modified_gmt":"2025-02-17T19:49:09","slug":"winterworks-appel-de-candidatures","status":"publish","type":"page","link":"https:\/\/centaurtheatre.com\/fr\/winterworks-appel-de-candidatures\/","title":{"rendered":"WinterWorks appel de candidatures"},"content":{"rendered":"\n<p><\/p>\n\n\n\n<p class=\"has-text-align-center\"><strong>APPEL \u00c0 PROJETS<\/strong><\/p>\n\n\n\n<p class=\"has-text-align-center\"><strong>Apple \u00e0 projet pour WinterWorks 2026<\/strong><br><strong>Date limite&nbsp;: 15 MARS 2026<\/strong><\/p>\n\n\n\n<p class=\"has-text-align-center\"><strong>WinterWorks encourage l&rsquo;innovation et la cr\u00e9ativit\u00e9 au sein des arts de la sc\u00e8ne de Montr\u00e9al.<\/strong><\/p>\n\n\n\n<p>En offrant une plateforme d\u00e9di\u00e9e \u00e0 l&rsquo;exp\u00e9rimentation, WinterWorks 2026 cherche \u00e0 soutenir des projets artistiques audacieux, qui posent des questions innovantes, et explorent la forme m\u00eame des arts de la sc\u00e8ne.<\/p>\n\n\n\n<p><\/p>\n\n\n\n<p>Ouvert aux candidatures d&rsquo;organismes \u00e9tablies ainsi qu\u2019aux artistes \u00e9mergents, WinterWorks s\u00e9lectionnera des projets de th\u00e9\u00e2tre \u00e0 pr\u00e9senter \u00e0 travers trois cat\u00e9gories diff\u00e9rentes :<\/p>\n\n\n\n<p><\/p>\n\n\n\n<p><strong>WinterWorks 2026, pr\u00e9sent\u00e9 au Centaur en janvier \u00e0 f\u00e9vrier 2026, comprendra : deux productions, une pr\u00e9sentation en galerie et une lecture.<\/strong><\/p>\n\n\n\n<p>Consultez les informations cl\u00e9s pour chaque cat\u00e9gorie ci-dessous.<br>Priorit\u00e9 sera donn\u00e9e aux artistes ayant un lien avec Montr\u00e9al.<\/p>\n\n\n\n<p><strong style=\"color: red;\">Veuillez noter :<\/strong> <strong style=\"color: red;\">\nToutes les \u0153uvres propos\u00e9es doivent d\u00e9j\u00e0 avoir fait l&rsquo;objet de recherches pr\u00e9alables et\/ou doivent avoir compl\u00e9t\u00e9 au moins une \u00e9tape de d\u00e9veloppement. Les projets soumis doivent \u00eatre pr\u00eats pour la prochaine et finale \u00e9tape de leur \u00e9volution : la pr\u00e9sentation publique en janvier-f\u00e9vrier 2026.\n<\/strong><\/p>\n\n<p><strong style=\"color: red;\">\nTous les projets WinterWorks sont pr\u00e9sent\u00e9s par le Th\u00e9\u00e2tre Centaur, mais produits par l&rsquo;artiste(s), le(s) collectif(s) ou la ou les compagnie(s) s\u00e9lectionn\u00e9(e)s.\n<\/strong><\/p>\n\n\n\n<p><\/p>\n\n\n\n<p><strong>Informations cl\u00e9s : Cat\u00e9gorie production<\/strong><\/p>\n\n\n\n<p>La priorit\u00e9 sera donn\u00e9e aux candidatures qui mettent l&rsquo;accent sur la n\u00e9cessit\u00e9 des recherches techniques, qui centrent les aspects sc\u00e9nographiques et l&rsquo;audace de leur production dans leur demande, et qui cherchent \u00e0 produire une production pleinement r\u00e9alis\u00e9e.<\/p>\n\n\n\n<p>WinterWorks fournira :<br>\u2022 Une semaine de r\u00e9p\u00e9titions techniques dans l&rsquo;espace du Th\u00e9\u00e2tre Centaur.<br>\u2022 De 4 \u00e0 6 repr\u00e9sentations publiques en janvier-f\u00e9vrier 2026.<br>\u2022 Des \u00e9quipements techniques sp\u00e9cifiques au lieu.<br>\u2022 Promotion sur le site Web du Centaur et via son d\u00e9partement de communication.<br>\u2022 Les projets choisis recevront un honoraire garanti de 7 000 \u00e0 10 000 $, selon l&rsquo;\u00e9chelle du projet et le nombre de repr\u00e9sentations.<\/p>\n\n\n\n<p><\/p>\n\n\n\n<p><strong>Informations cl\u00e9s : Cat\u00e9gorie galerie<\/strong><\/p>\n\n\n\n<p>La priorit\u00e9 sera donn\u00e9e aux projets qui mettent en avant l&rsquo;utilisation d&rsquo;espaces hors-normes, ainsi qu&rsquo;\u00e0 ceux offrant des perspectives non conventionnelles sur la s\u00e9paration entre le public et la performance.<\/p>\n\n\n\n<p>WinterWorks fournira :<br>\u2022 De 1 \u00e0 2 jours pour l&rsquo;installation technique.<br>\u2022 De 2 \u00e0 3 repr\u00e9sentations publiques dans l&rsquo;espace de la galerie du Centaur.<br>\u2022 Des \u00e9quipements techniques sp\u00e9cifiques au lieu.<br>\u2022 Promotion sur le site Web du Centaur et via son d\u00e9partement de communication.<br>\u2022 Les projets choisis recevront un honoraire garanti de 2 000 \u00e0 3 000 $, selon l&rsquo;\u00e9chelle du projet et le nombre de repr\u00e9sentations.<br><\/p>\n\n\n\n<p><strong>Informations cl\u00e9s : Cat\u00e9gorie lecture<\/strong><\/p>\n\n\n\n<p>Les candidatures pour les lectures sont ouvertes aux projets en d\u00e9veloppement, avec priorit\u00e9 pour les projets ayant d\u00e9j\u00e0 une \u00e9quipe.<\/p>\n\n\n\n<p class=\"has-text-align-left\">WinterWorks fournira :<br>\u2022 Temps pour l&rsquo;installation technique et 1 jour de r\u00e9p\u00e9tition (si n\u00e9cessaire).<br>\u2022 1 repr\u00e9sentation publique dans Centaur 1.<br>\u2022 Des \u00e9quipements techniques sp\u00e9cifiques au lieu.<br>\u2022 Promotion sur le site Web du Centaur et via son d\u00e9partement de communication.<br>\u2022 Les projets choisis recevront un honoraire garanti de 500 \u00e0 1 500 $, selon l&rsquo;\u00e9chelle du projet et le nombre de repr\u00e9sentations.<\/p>\n\n\n\n<p><strong>Comment postuler<br>Veuillez soumettre :<\/strong><br>\u2022 Une description du projet (1 page maximum).<br>\u2022 Pourquoi vous et votre projet devriez faire partie de WinterWorks 2026 ?<br>\u2022 Des documents d&rsquo;archives et\/ou un bref historique de l&rsquo;\u00e9volution du projet.<br>\u2022 Des biographies des membres de l&rsquo;\u00e9quipe.<br>\u2022 Un \u00e9chantillon de script ou d&rsquo;autres mat\u00e9riaux de soutien sont encourag\u00e9s, mais non obligatoires.<br><\/p>\n\n\n\n<p>Date limite pour toutes les cat\u00e9gories : <strong>15 MARS 2025<\/strong><br>Soumettez votre candidature \u00e0 : <a href=\"mailto:winterworks@centaurtheatre.com\"><strong>winterworks@centaurtheatre.com<\/strong><\/a><\/p>\n\n\n\n<p><em>Seuls les candidats s\u00e9lectionn\u00e9s seront contact\u00e9s par le comit\u00e9 de s\u00e9lection de WinterWorks durant le processus de s\u00e9lection.<\/em><\/p>\n\n\n\n<p><\/p>\n","protected":false},"excerpt":{"rendered":"<p>APPEL \u00c0 PROJETS Apple \u00e0 projet pour WinterWorks 2026Date limite&nbsp;: 15 MARS 2026 WinterWorks encourage l&rsquo;innovation et la cr\u00e9ativit\u00e9 au sein des arts de la sc\u00e8ne de Montr\u00e9al. En offrant une plateforme d\u00e9di\u00e9e \u00e0 l&rsquo;exp\u00e9rimentation, WinterWorks 2026 cherche \u00e0 soutenir des projets artistiques audacieux, qui posent des questions innovantes, et explorent la forme m\u00eame des [&hellip;]<\/p>\n","protected":false},"author":3,"featured_media":21982,"parent":0,"menu_order":0,"comment_status":"closed","ping_status":"closed","template":"","meta":{"_acf_changed":false,"footnotes":""},"class_list":["post-17742","page","type-page","status-publish","has-post-thumbnail","hentry"],"acf":[],"_links":{"self":[{"href":"https:\/\/centaurtheatre.com\/fr\/wp-json\/wp\/v2\/pages\/17742","targetHints":{"allow":["GET"]}}],"collection":[{"href":"https:\/\/centaurtheatre.com\/fr\/wp-json\/wp\/v2\/pages"}],"about":[{"href":"https:\/\/centaurtheatre.com\/fr\/wp-json\/wp\/v2\/types\/page"}],"author":[{"embeddable":true,"href":"https:\/\/centaurtheatre.com\/fr\/wp-json\/wp\/v2\/users\/3"}],"replies":[{"embeddable":true,"href":"https:\/\/centaurtheatre.com\/fr\/wp-json\/wp\/v2\/comments?post=17742"}],"version-history":[{"count":19,"href":"https:\/\/centaurtheatre.com\/fr\/wp-json\/wp\/v2\/pages\/17742\/revisions"}],"predecessor-version":[{"id":22037,"href":"https:\/\/centaurtheatre.com\/fr\/wp-json\/wp\/v2\/pages\/17742\/revisions\/22037"}],"wp:featuredmedia":[{"embeddable":true,"href":"https:\/\/centaurtheatre.com\/fr\/wp-json\/wp\/v2\/media\/21982"}],"wp:attachment":[{"href":"https:\/\/centaurtheatre.com\/fr\/wp-json\/wp\/v2\/media?parent=17742"}],"curies":[{"name":"wp","href":"https:\/\/api.w.org\/{rel}","templated":true}]}}