{"id":15682,"date":"2023-08-29T11:29:42","date_gmt":"2023-08-29T15:29:42","guid":{"rendered":"https:\/\/centaurtheatre.com\/centaur-play-club\/"},"modified":"2024-11-29T14:56:19","modified_gmt":"2024-11-29T19:56:19","slug":"centaur-play-club-fr","status":"publish","type":"page","link":"https:\/\/centaurtheatre.com\/fr\/centaur-play-club-fr\/","title":{"rendered":"Centaur+ Play Club"},"content":{"rendered":"\n<div class=\"wp-block-columns two-columns-cta esc-narrow-content is-layout-flex wp-container-core-columns-is-layout-28f84493 wp-block-columns-is-layout-flex\">\n<div class=\"wp-block-column is-layout-flow wp-block-column-is-layout-flow\">\n<figure class=\"wp-block-image size-full\"><img loading=\"lazy\" decoding=\"async\" width=\"1080\" height=\"1080\" src=\"https:\/\/centaurtheatre.com\/wp-content\/uploads\/2024\/11\/fr.png\" alt=\"\" class=\"wp-image-20524\" srcset=\"https:\/\/centaurtheatre.com\/wp-content\/uploads\/2024\/11\/fr.png 1080w, https:\/\/centaurtheatre.com\/wp-content\/uploads\/2024\/11\/fr-300x300.png 300w, https:\/\/centaurtheatre.com\/wp-content\/uploads\/2024\/11\/fr-1024x1024.png 1024w, https:\/\/centaurtheatre.com\/wp-content\/uploads\/2024\/11\/fr-150x150.png 150w, https:\/\/centaurtheatre.com\/wp-content\/uploads\/2024\/11\/fr-768x768.png 768w, https:\/\/centaurtheatre.com\/wp-content\/uploads\/2024\/11\/fr-400x400.png 400w, https:\/\/centaurtheatre.com\/wp-content\/uploads\/2024\/11\/fr-600x600.png 600w\" sizes=\"auto, (max-width: 1080px) 100vw, 1080px\" \/><\/figure>\n<\/div>\n\n\n\n<div class=\"wp-block-column is-layout-flow wp-block-column-is-layout-flow\">\n<p class=\"has-h-3-font-size\"><strong>Un chant de No\u00ebl\u00a0par Charles Dickens<\/strong>, dans une adaptation de Geoffrey Simon Brown<\/p>\n\n\n\n<p class=\"has-h-3-font-size\"><strong><strong>Rejoignez-nous le mercredi 18 d\u00e9cembre \u00e0 19h pour la deuxi\u00e8me session du Play Club de cette saison<\/strong>\u00a0<\/strong><\/p>\n\n\n\n<p>Pour cette deuxi\u00e8me \u00e9dition du <strong>Centaur + Play Club<\/strong> de la saison, nous nous mettons dans l&rsquo;esprit des f\u00eates en nous rassemblant pour lire ensemble un classique ador\u00e9, adapt\u00e9 par le jeune dramaturge canadien Geoffrey Simon Brown. Les membres de notre Play Club, accompagn\u00e9s de quelques membres de la communaut\u00e9 th\u00e9\u00e2trale locale, donneront vie \u00e0 cette pi\u00e8ce aux plus de vingt personnages.\u00a0<br>Vous trouverez un lien vers la pi\u00e8ce ci-dessous, alors venez pr\u00eats \u00e0 lire \u00e0 haute voix ce conte \u00e0 la fois poignant et r\u00e9confortant\u202f!\u00a0<\/p>\n\n\n\n<p><strong>Une tradition des f\u00eates<\/strong>&nbsp;<\/p>\n\n\n\n<p>La veille de No\u00ebl, Ebenezer Scrooge re\u00e7oit la visite de trois esprits qui l\u2019entra\u00eenent dans un voyage \u00e0 travers son pass\u00e9, son pr\u00e9sent et son futur pour lui montrer les erreurs de son comportement. Ce conte classique de Dickens prend vie dans cette nouvelle adaptation, actuellement sur sc\u00e8ne au Th\u00e9\u00e2tre Calgary en Alberta. D\u00e9couvrez pourquoi <strong>Un chant de No\u00ebl<\/strong> est devenu une tradition des f\u00eates pour tant d\u2019amateurs de th\u00e9\u00e2tre \u00e0 travers le monde.&nbsp;<\/p>\n\n\n\n<p><strong>Biographie du dramaturge :<\/strong>\u00a0<br><strong>Geoffrey Simon Brown<\/strong>\u00a0<\/p>\n\n\n\n<figure class=\"wp-block-image size-full\"><img loading=\"lazy\" decoding=\"async\" width=\"342\" height=\"393\" src=\"https:\/\/centaurtheatre.com\/wp-content\/uploads\/2024\/11\/gs_brown-1389716937.jpg\" alt=\"\" class=\"wp-image-20518\" style=\"aspect-ratio:3\/4;object-fit:contain\" srcset=\"https:\/\/centaurtheatre.com\/wp-content\/uploads\/2024\/11\/gs_brown-1389716937.jpg 342w, https:\/\/centaurtheatre.com\/wp-content\/uploads\/2024\/11\/gs_brown-1389716937-261x300.jpg 261w\" sizes=\"auto, (max-width: 342px) 100vw, 342px\" \/><\/figure>\n\n\n\n<p>Geoffrey est un dramaturge, interpr\u00e8te, metteur en sc\u00e8ne et musicien bas\u00e9 en Alberta.&nbsp;<\/p>\n\n\n\n<p>En 2010, il a contribu\u00e9 \u00e0 la cr\u00e9ation du <strong>Major Matt Mason Collective<\/strong>, une compagnie de performance d\u00e9di\u00e9e \u00e0 la cr\u00e9ation de th\u00e9\u00e2tre visc\u00e9ral, intime, exp\u00e9rimental et de petite \u00e9chelle, destin\u00e9 aux jeunes g\u00e9n\u00e9rations de l\u2019Alberta. Il est co-directeur artistique du collectif et a particip\u00e9 \u00e0 toutes leurs productions en tant qu\u2019artiste et producteur, notamment en dirigeant leur production de <em>Premium Content<\/em> de David Gagnon Walker et en \u00e9crivant leur pi\u00e8ce collective <em>Little Red<\/em> (avec Ghost River Theatre). Depuis 2015, il est \u00e9galement directeur du <strong>Wildfire National Playwriting Competition<\/strong> du collectif.&nbsp;<\/p>\n\n\n\n<p>Ses pi\u00e8ces incluent <em>Progress<\/em>, <em>Michael Mysterious<\/em>, <em>Night<\/em>, <em>Time<\/em>, <em>Still Still Still<\/em>, <em>Control<\/em>, <em>Air<\/em>, <em>Destroy<\/em>, <em>The Circle<\/em> (publi\u00e9 par Scirocco Drama en 2017), et les r\u00e9centes adaptations de <em>Un chant de No\u00ebl<\/em> pour le Th\u00e9\u00e2tre Calgary. Geoffrey a \u00e9t\u00e9 artiste en r\u00e9sidence au <strong>Theatre Junction GRAND<\/strong> de 2016 \u00e0 2018, o\u00f9 il a dirig\u00e9 leur programme de mentorat et cr\u00e9\u00e9 la pi\u00e8ce <em>If I Could Tell You Everything<\/em> avec un ensemble de jeunes de Calgary. Il est dipl\u00f4m\u00e9 du programme de dramaturgie de l\u2019\u00c9cole nationale de th\u00e9\u00e2tre du Canada.&nbsp;<\/p>\n\n\n\n<div class=\"wp-block-buttons is-layout-flex wp-block-buttons-is-layout-flex\"><\/div>\n<\/div>\n<\/div>\n\n\n\n<div class=\"wp-block-group alignfull two-button-cta esc-narrow-content is-layout-constrained wp-block-group-is-layout-constrained\">\n<div class=\"wp-block-columns is-layout-flex wp-container-core-columns-is-layout-28f84493 wp-block-columns-is-layout-flex\">\n<div class=\"wp-block-column is-layout-flow wp-block-column-is-layout-flow\" style=\"flex-basis:66.66%\">\n<p class=\"has-h-1-alternate-font-size\">Si vous souhaitez vous joindre au Play Club en vous abonnant \u00e0 notre saison 2023-24, veuillez contacter la billetterie au 514-288-3161.<\/p>\n<\/div>\n\n\n\n<div class=\"wp-block-column is-layout-flow wp-block-column-is-layout-flow\" style=\"flex-basis:33.33%\">\n<div class=\"wp-block-buttons is-layout-flex wp-block-buttons-is-layout-flex\">\n<div class=\"wp-block-button\"><a class=\"wp-block-button__link wp-element-button\" href=\"https:\/\/centaurtheatre.com\/fr\/tarifs-et-abonnements\/\" target=\"_blank\" rel=\"noreferrer noopener\">Abonnez-vous<\/a><\/div>\n<\/div>\n<\/div>\n<\/div>\n<\/div>\n","protected":false},"excerpt":{"rendered":"<p>Un chant de No\u00ebl\u00a0par Charles Dickens, dans une adaptation de Geoffrey Simon Brown Rejoignez-nous le mercredi 18 d\u00e9cembre \u00e0 19h pour la deuxi\u00e8me session du Play Club de cette saison\u00a0 Pour cette deuxi\u00e8me \u00e9dition du Centaur + Play Club de la saison, nous nous mettons dans l&rsquo;esprit des f\u00eates en nous rassemblant pour lire ensemble [&hellip;]<\/p>\n","protected":false},"author":5,"featured_media":0,"parent":0,"menu_order":0,"comment_status":"closed","ping_status":"closed","template":"","meta":{"_acf_changed":false,"footnotes":""},"class_list":["post-15682","page","type-page","status-publish","hentry"],"acf":[],"_links":{"self":[{"href":"https:\/\/centaurtheatre.com\/fr\/wp-json\/wp\/v2\/pages\/15682","targetHints":{"allow":["GET"]}}],"collection":[{"href":"https:\/\/centaurtheatre.com\/fr\/wp-json\/wp\/v2\/pages"}],"about":[{"href":"https:\/\/centaurtheatre.com\/fr\/wp-json\/wp\/v2\/types\/page"}],"author":[{"embeddable":true,"href":"https:\/\/centaurtheatre.com\/fr\/wp-json\/wp\/v2\/users\/5"}],"replies":[{"embeddable":true,"href":"https:\/\/centaurtheatre.com\/fr\/wp-json\/wp\/v2\/comments?post=15682"}],"version-history":[{"count":33,"href":"https:\/\/centaurtheatre.com\/fr\/wp-json\/wp\/v2\/pages\/15682\/revisions"}],"predecessor-version":[{"id":20532,"href":"https:\/\/centaurtheatre.com\/fr\/wp-json\/wp\/v2\/pages\/15682\/revisions\/20532"}],"wp:attachment":[{"href":"https:\/\/centaurtheatre.com\/fr\/wp-json\/wp\/v2\/media?parent=15682"}],"curies":[{"name":"wp","href":"https:\/\/api.w.org\/{rel}","templated":true}]}}