{"id":15156,"date":"2023-06-07T14:27:35","date_gmt":"2023-06-07T18:27:35","guid":{"rendered":"https:\/\/centaurtheatre.com\/centaur-plus\/"},"modified":"2025-02-26T10:54:15","modified_gmt":"2025-02-26T15:54:15","slug":"centaurplus","status":"publish","type":"page","link":"https:\/\/centaurtheatre.com\/fr\/centaurplus\/","title":{"rendered":"Centaur+"},"content":{"rendered":"\n<div class=\"wp-block-columns two-columns-cta esc-narrow-content is-layout-flex wp-container-core-columns-is-layout-28f84493 wp-block-columns-is-layout-flex\">\n<div class=\"wp-block-column is-layout-flow wp-block-column-is-layout-flow\">\n<figure class=\"wp-block-image size-large\"><img loading=\"lazy\" decoding=\"async\" width=\"1024\" height=\"1024\" src=\"https:\/\/centaurtheatre.com\/wp-content\/uploads\/2024\/05\/Confabulation-1690x1690-1-1-1024x1024.jpg\" alt=\"\" class=\"wp-image-18507\" srcset=\"https:\/\/centaurtheatre.com\/wp-content\/uploads\/2024\/05\/Confabulation-1690x1690-1-1-1024x1024.jpg 1024w, https:\/\/centaurtheatre.com\/wp-content\/uploads\/2024\/05\/Confabulation-1690x1690-1-1-300x300.jpg 300w, https:\/\/centaurtheatre.com\/wp-content\/uploads\/2024\/05\/Confabulation-1690x1690-1-1-150x150.jpg 150w, https:\/\/centaurtheatre.com\/wp-content\/uploads\/2024\/05\/Confabulation-1690x1690-1-1-768x768.jpg 768w, https:\/\/centaurtheatre.com\/wp-content\/uploads\/2024\/05\/Confabulation-1690x1690-1-1-1536x1536.jpg 1536w, https:\/\/centaurtheatre.com\/wp-content\/uploads\/2024\/05\/Confabulation-1690x1690-1-1.jpg 1690w\" sizes=\"auto, (max-width: 1024px) 100vw, 1024px\" \/><\/figure>\n<\/div>\n\n\n\n<div class=\"wp-block-column is-layout-flow wp-block-column-is-layout-flow\">\n<h2 class=\"wp-block-heading\"><strong>Confabulation<\/strong><\/h2>\n\n\n\n<p>Confabulation est la s\u00e9rie originale de contes autobiographiques de Montr\u00e9al. Nous partageons des histoires, aussi vraies que nous pouvons les raconter &#8211; sans notes, sans accessoires et sans artifices.<\/p>\n<\/div>\n<\/div>\n\n\n\n<div class=\"wp-block-columns two-columns-cta--reversed two-columns-cta esc-narrow-content is-layout-flex wp-container-core-columns-is-layout-28f84493 wp-block-columns-is-layout-flex\">\n<div class=\"wp-block-column is-layout-flow wp-block-column-is-layout-flow\">\n<h2 class=\"wp-block-heading\"><strong>WinterWorks<\/strong><\/h2>\n\n\n\n<p>Anciennement connu sous le nom de Wildside Festival, WinterWorks, nouvellement rebaptis\u00e9, pr\u00e9sente une programmation exaltante de th\u00e9\u00e2tre d&rsquo;avant-garde, mettant en avant des cr\u00e9ateurs de th\u00e9\u00e2tre ind\u00e9pendants.<\/p>\n\n\n\n<div class=\"wp-block-buttons is-layout-flex wp-block-buttons-is-layout-flex\">\n<div class=\"wp-block-button\"><a class=\"wp-block-button__link wp-element-button\" href=\"https:\/\/centaurtheatre.com\/fr\/winterworks\/\" target=\"_blank\" rel=\"noreferrer noopener\">Plus d&rsquo;infos<\/a><\/div>\n<\/div>\n<\/div>\n\n\n\n<div class=\"wp-block-column is-layout-flow wp-block-column-is-layout-flow\">\n<figure class=\"wp-block-image size-large\"><img loading=\"lazy\" decoding=\"async\" width=\"1024\" height=\"1024\" src=\"https:\/\/centaurtheatre.com\/wp-content\/uploads\/2024\/05\/WinterWorks-1690x1690-1-1-1024x1024.jpg\" alt=\"\" class=\"wp-image-18553\" srcset=\"https:\/\/centaurtheatre.com\/wp-content\/uploads\/2024\/05\/WinterWorks-1690x1690-1-1-1024x1024.jpg 1024w, https:\/\/centaurtheatre.com\/wp-content\/uploads\/2024\/05\/WinterWorks-1690x1690-1-1-300x300.jpg 300w, https:\/\/centaurtheatre.com\/wp-content\/uploads\/2024\/05\/WinterWorks-1690x1690-1-1-150x150.jpg 150w, https:\/\/centaurtheatre.com\/wp-content\/uploads\/2024\/05\/WinterWorks-1690x1690-1-1-768x768.jpg 768w, https:\/\/centaurtheatre.com\/wp-content\/uploads\/2024\/05\/WinterWorks-1690x1690-1-1-1536x1536.jpg 1536w, https:\/\/centaurtheatre.com\/wp-content\/uploads\/2024\/05\/WinterWorks-1690x1690-1-1.jpg 1690w\" sizes=\"auto, (max-width: 1024px) 100vw, 1024px\" \/><\/figure>\n<\/div>\n<\/div>\n\n\n\n<div class=\"wp-block-columns two-columns-cta esc-narrow-content is-layout-flex wp-container-core-columns-is-layout-28f84493 wp-block-columns-is-layout-flex\">\n<div class=\"wp-block-column is-layout-flow wp-block-column-is-layout-flow\">\n<figure class=\"wp-block-image size-large\"><img loading=\"lazy\" decoding=\"async\" width=\"1024\" height=\"1024\" src=\"https:\/\/centaurtheatre.com\/wp-content\/uploads\/2024\/05\/Play-Club-FR-1690x1690.jpg-1024x1024.jpg\" alt=\"\" class=\"wp-image-18648\" srcset=\"https:\/\/centaurtheatre.com\/wp-content\/uploads\/2024\/05\/Play-Club-FR-1690x1690.jpg-1024x1024.jpg 1024w, https:\/\/centaurtheatre.com\/wp-content\/uploads\/2024\/05\/Play-Club-FR-1690x1690.jpg-300x300.jpg 300w, https:\/\/centaurtheatre.com\/wp-content\/uploads\/2024\/05\/Play-Club-FR-1690x1690.jpg-150x150.jpg 150w, https:\/\/centaurtheatre.com\/wp-content\/uploads\/2024\/05\/Play-Club-FR-1690x1690.jpg-768x768.jpg 768w, https:\/\/centaurtheatre.com\/wp-content\/uploads\/2024\/05\/Play-Club-FR-1690x1690.jpg-1536x1536.jpg 1536w, https:\/\/centaurtheatre.com\/wp-content\/uploads\/2024\/05\/Play-Club-FR-1690x1690.jpg.jpg 1690w\" sizes=\"auto, (max-width: 1024px) 100vw, 1024px\" \/><\/figure>\n<\/div>\n\n\n\n<div class=\"wp-block-column is-layout-flow wp-block-column-is-layout-flow\">\n<h2 class=\"wp-block-heading\"><strong> Play Club Du Centaur+<\/strong><\/h2>\n\n\n\n<p>Dans l&rsquo;esprit d&rsquo;un club de lecture, le Play Club du Centaur+ se r\u00e9unira quatre fois au cours de la saison pour discuter d&rsquo;une s\u00e9lection de pi\u00e8ces choisies par la directrice artistique Eda Holmes. Rejoignez-nous pour des discussions qui ne manqueront pas d&rsquo;\u00eatre passionnantes, autour d&rsquo;un verre de vin ou d&rsquo;une tasse de th\u00e9 dans la galerie du Centaur.<\/p>\n\n\n\n<div class=\"wp-block-buttons is-layout-flex wp-block-buttons-is-layout-flex\">\n<div class=\"wp-block-button\"><a class=\"wp-block-button__link wp-element-button\" href=\"https:\/\/centaurtheatre.com\/fr\/centaur-play-club-fr\/\">Plus d&rsquo;infos<\/a><\/div>\n<\/div>\n<\/div>\n<\/div>\n\n\n\n<div class=\"wp-block-columns two-columns-cta--reversed two-columns-cta esc-narrow-content is-layout-flex wp-container-core-columns-is-layout-28f84493 wp-block-columns-is-layout-flex\">\n<div class=\"wp-block-column is-layout-flow wp-block-column-is-layout-flow\">\n<h2 class=\"wp-block-heading\"><strong>Sunday Chat-Ups<\/strong><\/h2>\n\n\n\n<p>\u00c0 la demande g\u00e9n\u00e9rale et appr\u00e9ci\u00e9e de nos abonn\u00e9s, l&rsquo;\u00e9mission de discussions d&rsquo;apr\u00e8s-spectacles fait son retour. Elle est anim\u00e9e par Lucinda Chodan et propose des conversations passionnantes avec des invit\u00e9s sp\u00e9ciaux.<\/p>\n<\/div>\n\n\n\n<div class=\"wp-block-column is-layout-flow wp-block-column-is-layout-flow\">\n<figure class=\"wp-block-image size-large\"><img loading=\"lazy\" decoding=\"async\" width=\"1024\" height=\"1024\" src=\"https:\/\/centaurtheatre.com\/wp-content\/uploads\/2024\/05\/Chatups-EN-1690x1690-1-1-1024x1024.jpg\" alt=\"\" class=\"wp-image-18503\" srcset=\"https:\/\/centaurtheatre.com\/wp-content\/uploads\/2024\/05\/Chatups-EN-1690x1690-1-1-1024x1024.jpg 1024w, https:\/\/centaurtheatre.com\/wp-content\/uploads\/2024\/05\/Chatups-EN-1690x1690-1-1-300x300.jpg 300w, https:\/\/centaurtheatre.com\/wp-content\/uploads\/2024\/05\/Chatups-EN-1690x1690-1-1-150x150.jpg 150w, https:\/\/centaurtheatre.com\/wp-content\/uploads\/2024\/05\/Chatups-EN-1690x1690-1-1-768x768.jpg 768w, https:\/\/centaurtheatre.com\/wp-content\/uploads\/2024\/05\/Chatups-EN-1690x1690-1-1-1536x1536.jpg 1536w, https:\/\/centaurtheatre.com\/wp-content\/uploads\/2024\/05\/Chatups-EN-1690x1690-1-1.jpg 1690w\" sizes=\"auto, (max-width: 1024px) 100vw, 1024px\" \/><\/figure>\n<\/div>\n<\/div>\n\n\n\n<div class=\"wp-block-columns two-columns-cta esc-narrow-content is-layout-flex wp-container-core-columns-is-layout-28f84493 wp-block-columns-is-layout-flex\">\n<div class=\"wp-block-column is-layout-flow wp-block-column-is-layout-flow\">\n<figure class=\"wp-block-image size-large\"><img loading=\"lazy\" decoding=\"async\" width=\"1024\" height=\"1024\" src=\"https:\/\/centaurtheatre.com\/wp-content\/uploads\/2024\/05\/Music-FR-1690x1690-1-1024x1024.jpg\" alt=\"\" class=\"wp-image-18652\" srcset=\"https:\/\/centaurtheatre.com\/wp-content\/uploads\/2024\/05\/Music-FR-1690x1690-1-1024x1024.jpg 1024w, https:\/\/centaurtheatre.com\/wp-content\/uploads\/2024\/05\/Music-FR-1690x1690-1-300x300.jpg 300w, https:\/\/centaurtheatre.com\/wp-content\/uploads\/2024\/05\/Music-FR-1690x1690-1-150x150.jpg 150w, https:\/\/centaurtheatre.com\/wp-content\/uploads\/2024\/05\/Music-FR-1690x1690-1-768x768.jpg 768w, https:\/\/centaurtheatre.com\/wp-content\/uploads\/2024\/05\/Music-FR-1690x1690-1-1536x1536.jpg 1536w, https:\/\/centaurtheatre.com\/wp-content\/uploads\/2024\/05\/Music-FR-1690x1690-1.jpg 1690w\" sizes=\"auto, (max-width: 1024px) 100vw, 1024px\" \/><\/figure>\n<\/div>\n\n\n\n<div class=\"wp-block-column is-layout-flow wp-block-column-is-layout-flow\">\n<h2 class=\"wp-block-heading\"><strong>S\u00e9rie Musicale Du Centaur+<\/strong><\/h2>\n\n\n\n<div class=\"wp-block-media-text is-stacked-on-mobile\"><figure class=\"wp-block-media-text__media\"><img loading=\"lazy\" decoding=\"async\" width=\"150\" height=\"150\" src=\"https:\/\/centaurtheatre.com\/wp-content\/uploads\/2024\/10\/Beaverbrook-Canadian-Foundation-logo_ENFR-150x150.jpg\" alt=\"\" class=\"wp-image-19654 size-full\"\/><\/figure><div class=\"wp-block-media-text__content\">\n<p><strong>Commandit\u00e9 par La fondation Canadienne Beaverbrook<\/strong><\/p>\n<\/div><\/div>\n\n\n\n<p><strong>\u00c9v\u00e9nement gratuit !<\/strong><\/p>\n\n\n\n<p><strong>Plaisirs Coupables le 1er mars: <\/strong>Venez savourer les prestations de certains des meilleurs chanteurs de Montr\u00e9al, qui monteront sur sc\u00e8ne pour partager leurs chansons pr\u00e9f\u00e9r\u00e9es, accompagn\u00e9s du redoutable Chris Barillaro au piano.<\/p>\n\n\n\n<p><strong>Karaok\u00e9 Queer le 15 mars:<\/strong> Anim\u00e9 par Anton May, venez chanter \u00e0 tue-t\u00eate un r\u00e9pertoire de ballades et d\u2019hymnes rendus c\u00e9l\u00e8bres par des superstars LGBTQ+.<br><\/p>\n\n\n\n<div class=\"wp-block-buttons is-layout-flex wp-block-buttons-is-layout-flex\">\n<div class=\"wp-block-button\"><a class=\"wp-block-button__link wp-element-button\" href=\"https:\/\/centaurtheatre.com\/fr\/shows\/guilty-pleasures-queer-karaoke\/\" target=\"_blank\" rel=\"noreferrer noopener\">Plus d&rsquo;infos<\/a><\/div>\n<\/div>\n<\/div>\n<\/div>\n\n\n\n<div class=\"wp-block-columns two-columns-cta--reversed two-columns-cta esc-narrow-content is-layout-flex wp-container-core-columns-is-layout-28f84493 wp-block-columns-is-layout-flex\">\n<div class=\"wp-block-column is-layout-flow wp-block-column-is-layout-flow\">\n<h2 class=\"wp-block-heading\"><strong>Centaur en fran\u00e7ais<\/strong><\/h2>\n\n\n\n<p>Dans le cadre de notre engagement envers l&rsquo;inclusion au sein de la communaut\u00e9 th\u00e9\u00e2trale montr\u00e9alaise, nous sommes fiers d&rsquo;offrir certaines repr\u00e9sentations surtitr\u00e9es en fran\u00e7ais pour chacun des spectacles de notre s\u00e9rie d&rsquo;abonnement.<\/p>\n<\/div>\n\n\n\n<div class=\"wp-block-column is-layout-flow wp-block-column-is-layout-flow\">\n<figure class=\"wp-block-image size-large\"><img loading=\"lazy\" decoding=\"async\" width=\"1024\" height=\"1024\" src=\"https:\/\/centaurtheatre.com\/wp-content\/uploads\/2024\/05\/Chatups-FR-1690x1690-1.jpg-1-1024x1024.jpg\" alt=\"\" class=\"wp-image-18505\" srcset=\"https:\/\/centaurtheatre.com\/wp-content\/uploads\/2024\/05\/Chatups-FR-1690x1690-1.jpg-1-1024x1024.jpg 1024w, https:\/\/centaurtheatre.com\/wp-content\/uploads\/2024\/05\/Chatups-FR-1690x1690-1.jpg-1-300x300.jpg 300w, https:\/\/centaurtheatre.com\/wp-content\/uploads\/2024\/05\/Chatups-FR-1690x1690-1.jpg-1-150x150.jpg 150w, https:\/\/centaurtheatre.com\/wp-content\/uploads\/2024\/05\/Chatups-FR-1690x1690-1.jpg-1-768x768.jpg 768w, https:\/\/centaurtheatre.com\/wp-content\/uploads\/2024\/05\/Chatups-FR-1690x1690-1.jpg-1-1536x1536.jpg 1536w, https:\/\/centaurtheatre.com\/wp-content\/uploads\/2024\/05\/Chatups-FR-1690x1690-1.jpg-1.jpg 1690w\" sizes=\"auto, (max-width: 1024px) 100vw, 1024px\" \/><\/figure>\n<\/div>\n<\/div>\n\n\n\n<div class=\"wp-block-group alignfull two-button-cta esc-narrow-content is-layout-constrained wp-block-group-is-layout-constrained\">\n<div class=\"wp-block-columns is-layout-flex wp-container-core-columns-is-layout-28f84493 wp-block-columns-is-layout-flex\">\n<div class=\"wp-block-column is-layout-flow wp-block-column-is-layout-flow\" style=\"flex-basis:66.66%\">\n<p>Des questions? Appelez la billetterie au 514-288-3161 ou contactez-nous via notre formulaire de contact. <\/p>\n<\/div>\n\n\n\n<div class=\"wp-block-column is-layout-flow wp-block-column-is-layout-flow\" style=\"flex-basis:33.33%\">\n<div class=\"wp-block-buttons is-layout-flex wp-block-buttons-is-layout-flex\">\n<div class=\"wp-block-button\"><a class=\"wp-block-button__link wp-element-button\" href=\"https:\/\/centaurtheatre.com\/fr\/contactez-nous\/\">Contactez-nous<\/a><\/div>\n<\/div>\n<\/div>\n<\/div>\n<\/div>\n\n\n\n<p><\/p>\n","protected":false},"excerpt":{"rendered":"<p>Confabulation Confabulation est la s\u00e9rie originale de contes autobiographiques de Montr\u00e9al. Nous partageons des histoires, aussi vraies que nous pouvons les raconter &#8211; sans notes, sans accessoires et sans artifices. WinterWorks Anciennement connu sous le nom de Wildside Festival, WinterWorks, nouvellement rebaptis\u00e9, pr\u00e9sente une programmation exaltante de th\u00e9\u00e2tre d&rsquo;avant-garde, mettant en avant des cr\u00e9ateurs de [&hellip;]<\/p>\n","protected":false},"author":5,"featured_media":0,"parent":0,"menu_order":0,"comment_status":"closed","ping_status":"closed","template":"","meta":{"_acf_changed":false,"footnotes":""},"class_list":["post-15156","page","type-page","status-publish","hentry"],"acf":[],"_links":{"self":[{"href":"https:\/\/centaurtheatre.com\/fr\/wp-json\/wp\/v2\/pages\/15156","targetHints":{"allow":["GET"]}}],"collection":[{"href":"https:\/\/centaurtheatre.com\/fr\/wp-json\/wp\/v2\/pages"}],"about":[{"href":"https:\/\/centaurtheatre.com\/fr\/wp-json\/wp\/v2\/types\/page"}],"author":[{"embeddable":true,"href":"https:\/\/centaurtheatre.com\/fr\/wp-json\/wp\/v2\/users\/5"}],"replies":[{"embeddable":true,"href":"https:\/\/centaurtheatre.com\/fr\/wp-json\/wp\/v2\/comments?post=15156"}],"version-history":[{"count":34,"href":"https:\/\/centaurtheatre.com\/fr\/wp-json\/wp\/v2\/pages\/15156\/revisions"}],"predecessor-version":[{"id":22187,"href":"https:\/\/centaurtheatre.com\/fr\/wp-json\/wp\/v2\/pages\/15156\/revisions\/22187"}],"wp:attachment":[{"href":"https:\/\/centaurtheatre.com\/fr\/wp-json\/wp\/v2\/media?parent=15156"}],"curies":[{"name":"wp","href":"https:\/\/api.w.org\/{rel}","templated":true}]}}