{"id":14649,"date":"2023-05-11T11:49:58","date_gmt":"2023-05-11T15:49:58","guid":{"rendered":"https:\/\/centaurtheatre.com\/remembering-dennis-sharp\/"},"modified":"2023-05-23T12:07:20","modified_gmt":"2023-05-23T16:07:20","slug":"a-la-memoire-dennis-sharp","status":"publish","type":"page","link":"https:\/\/centaurtheatre.com\/fr\/a-la-memoire-dennis-sharp\/","title":{"rendered":"\u00c0 la m\u00e9moire de Dennis\u00a0Sharp"},"content":{"rendered":"\n<p class=\"has-h-2-font-size\"><strong>\u00c0 la m\u00e9moire de Dennis&nbsp;Sharp, un fid\u00e8le ami de longue date<\/strong><\/p>\n\n\n\n<p>\u00c0 l&rsquo;approche de l&rsquo;anniversaire du d\u00e9c\u00e8s de <strong>M. Dennis Sharp<\/strong>, le Th\u00e9\u00e2tre Centaur rend hommage \u00e0 l&rsquo;un de ses partisans les plus fervents et les plus d\u00e9vou\u00e9s. Le 31 juillet 2022, Dennis a laiss\u00e9 derri\u00e8re lui un vide profond et irrempla\u00e7able dans notre communaut\u00e9. Il \u00e9tait un m\u00e9c\u00e8ne passionn\u00e9 des arts et un v\u00e9ritable ami du Th\u00e9\u00e2tre Centaur.<\/p>\n\n\n\n<p>Son amour pour le th\u00e9\u00e2tre se manifestait par sa pr\u00e9sence enthousiaste aux productions, sa participation assidue aux soir\u00e9es b\u00e9n\u00e9fices et ses g\u00e9n\u00e9reux dons au th\u00e9\u00e2tre. Fier membre de la Soci\u00e9t\u00e9 Imagination du Centaur, il d\u00e9fendait l\u2019importance de soutenir les arts et le r\u00f4le jou\u00e9 par le th\u00e9\u00e2tre dans notre communaut\u00e9 pour les g\u00e9n\u00e9rations futures. Mari\u00e9 depuis 44&nbsp;ans, le couple form\u00e9 par Dennis et H\u00e9l\u00e8ne C\u00f4t\u00e9 Sharp croyait au pouvoir rassembleur des arts et pour eux, cette mission s\u2019incarnait par le Centaur. Cette passion est partag\u00e9e par leurs deux filles, Catherine et Genevi\u00e8ve.<\/p>\n\n\n\n<figure class=\"wp-block-image size-large\"><img loading=\"lazy\" decoding=\"async\" width=\"1024\" height=\"682\" src=\"https:\/\/centaurtheatre.com\/wp-content\/uploads\/2023\/05\/Sharp-Family-1024x682.jpg\" alt=\"\" class=\"wp-image-14642\" srcset=\"https:\/\/centaurtheatre.com\/wp-content\/uploads\/2023\/05\/Sharp-Family-1024x682.jpg 1024w, https:\/\/centaurtheatre.com\/wp-content\/uploads\/2023\/05\/Sharp-Family-300x200.jpg 300w, https:\/\/centaurtheatre.com\/wp-content\/uploads\/2023\/05\/Sharp-Family-768x512.jpg 768w, https:\/\/centaurtheatre.com\/wp-content\/uploads\/2023\/05\/Sharp-Family.jpg 1280w\" sizes=\"auto, (max-width: 1024px) 100vw, 1024px\" \/><\/figure>\n\n\n\n<p><\/p>\n\n\n\n<p>C\u2019est par son cousin, le com\u00e9dien <a href=\"https:\/\/en.wikipedia.org\/wiki\/Neil_McCallum_(actor)\">Neil&nbsp;McCallum<\/a>, qu\u2019est n\u00e9 l\u2019int\u00e9r\u00eat de Dennis pour le th\u00e9\u00e2tre. La mort soudaine et tragique de Neil en 1976, alors qu\u2019il s\u2019appr\u00eatait \u00e0 quitter Londres pour venir au Canada, a incit\u00e9 Dennis \u00e0 perp\u00e9tuer la m\u00e9moire de Neil et sa passion pour le th\u00e9\u00e2tre. L\u2019int\u00e9r\u00eat pour les arts d\u2019H\u00e9l\u00e8ne et Dennis transcendait la barri\u00e8re des langues. Ils aimaient aller au ballet et voir des traductions anglaises de pi\u00e8ces franco-canadiennes au Centaur, particuli\u00e8rement celles de Michel&nbsp;Tremblay. H\u00e9l\u00e8ne, qui d\u00e9j\u00e0 fr\u00e9quentait assid\u00fbment le th\u00e9\u00e2tre francophone, insistait ensuite assister \u00e0 ces productions en fran\u00e7ais lorsqu\u2019ils seront produits dans d\u2019autres th\u00e9\u00e2tres les ann\u00e9es suivantes. Tout comme le Centaur, le couple croyait en l\u2019importance de franchir la barri\u00e8re des langues pour r\u00e9unir les gens. Les cultures anglophone et francophone sont souvent s\u00e9par\u00e9es \u00e0 Montr\u00e9al, mais comme l\u2019a soulign\u00e9 H\u00e9l\u00e8ne, le Th\u00e9\u00e2tre Centaur sert fr\u00e9quemment de pont entre les deux communaut\u00e9s.&nbsp;<\/p>\n\n\n\n<p><a>Un lien particulier unissait le couple bilingue. <\/a>Dennis et H\u00e9l\u00e8ne se sont rencontr\u00e9s chez un antiquaire deux ans apr\u00e8s que Dennis eut quitt\u00e9 Toronto pour venir travailler \u00e0 Montr\u00e9al comme analyste et courtier en valeurs mobili\u00e8res. C\u2019est pour une repr\u00e9sentation de <em>Balconville<\/em>, pi\u00e8ce bilingue embl\u00e9matique de David\u00a0Fennario et production signature du Centaur, que Dennis et H\u00e9l\u00e8ne sont venus au Centaur pour la premi\u00e8re fois en 1985. La pi\u00e8ce a fait grande impression et ils ont continu\u00e9 \u00e0 assister r\u00e9guli\u00e8rement aux productions du Centaur. Plus tard, lorsque Dennis a d\u00fb voir d\u2019urgence un ophtalmologue pour un d\u00e9tachement de la r\u00e9tine, il a rencontr\u00e9 le D<sup>r<\/sup> John\u00a0Chen, et ils se sont li\u00e9s par leur amour commun du th\u00e9\u00e2tre. Dennis s\u2019est joint au conseil d\u2019administration apr\u00e8s avoir vu un spectacle-b\u00e9n\u00e9fice auquel participaient le D<sup>r<\/sup> Chen et d\u2019autres administrateurs. Il est rapidement devenu un partisan d\u00e9vou\u00e9 de Centaur \u00e0 bien des \u00e9gards et a cr\u00e9\u00e9 des souvenirs durables avec H\u00e9l\u00e8ne et leurs filles. Certaines de leurs productions pr\u00e9f\u00e9r\u00e9es incluent <em>MOB <\/em>de Catherine-Anne Toupin, <em>Shirley\u00a0Valentine <\/em>de Willy\u00a0Russell, <em>Anna in the Tropics <\/em>de Nilo Cruz et <em>Seeds<\/em> d\u2019Annabel Soutar.<\/p>\n\n\n\n<p>Le Centaur demeure r\u00e9solu \u00e0 d\u00e9fendre les valeurs ch\u00e8res \u00e0 Dennis, particuli\u00e8rement la position du Centaur comme lieu de rassemblement des communaut\u00e9s anglophones et francophones de notre ville bien-aim\u00e9e. La profonde influence de Dennis sur la communaut\u00e9 du Centaur est incommensurable. Sa grande g\u00e9n\u00e9rosit\u00e9 a laiss\u00e9 une marque ind\u00e9l\u00e9bile sur notre organisation. Son h\u00e9ritage continuera sans aucun doute d\u2019inspirer les futures g\u00e9n\u00e9rations d\u2019amateurs de th\u00e9\u00e2tre et de philanthropes \u00e0 partager sa passion pour les arts.<\/p>\n\n\n\n<p>Le d\u00e9c\u00e8s de Dennis est une grande perte pour nous tous et nous offrons nos sinc\u00e8res condol\u00e9ances \u00e0 H\u00e9l\u00e8ne, Catherine et Genevi\u00e8ve. Nous savons que Dennis restera dans le souvenir de tous ceux qui ont eu le privil\u00e8ge de le conna\u00eetre, et nous honorerons sa m\u00e9moire en continuant \u00e0 cultiver au Th\u00e9\u00e2tre Centaur une communaut\u00e9 artistique dynamique et vibrante.<\/p>\n","protected":false},"excerpt":{"rendered":"<p>\u00c0 la m\u00e9moire de Dennis&nbsp;Sharp, un fid\u00e8le ami de longue date \u00c0 l&rsquo;approche de l&rsquo;anniversaire du d\u00e9c\u00e8s de M. Dennis Sharp, le Th\u00e9\u00e2tre Centaur rend hommage \u00e0 l&rsquo;un de ses partisans les plus fervents et les plus d\u00e9vou\u00e9s. Le 31 juillet 2022, Dennis a laiss\u00e9 derri\u00e8re lui un vide profond et irrempla\u00e7able dans notre communaut\u00e9. [&hellip;]<\/p>\n","protected":false},"author":5,"featured_media":0,"parent":0,"menu_order":0,"comment_status":"closed","ping_status":"closed","template":"","meta":{"_acf_changed":false,"footnotes":""},"class_list":["post-14649","page","type-page","status-publish","hentry"],"acf":[],"_links":{"self":[{"href":"https:\/\/centaurtheatre.com\/fr\/wp-json\/wp\/v2\/pages\/14649","targetHints":{"allow":["GET"]}}],"collection":[{"href":"https:\/\/centaurtheatre.com\/fr\/wp-json\/wp\/v2\/pages"}],"about":[{"href":"https:\/\/centaurtheatre.com\/fr\/wp-json\/wp\/v2\/types\/page"}],"author":[{"embeddable":true,"href":"https:\/\/centaurtheatre.com\/fr\/wp-json\/wp\/v2\/users\/5"}],"replies":[{"embeddable":true,"href":"https:\/\/centaurtheatre.com\/fr\/wp-json\/wp\/v2\/comments?post=14649"}],"version-history":[{"count":6,"href":"https:\/\/centaurtheatre.com\/fr\/wp-json\/wp\/v2\/pages\/14649\/revisions"}],"predecessor-version":[{"id":14724,"href":"https:\/\/centaurtheatre.com\/fr\/wp-json\/wp\/v2\/pages\/14649\/revisions\/14724"}],"wp:attachment":[{"href":"https:\/\/centaurtheatre.com\/fr\/wp-json\/wp\/v2\/media?parent=14649"}],"curies":[{"name":"wp","href":"https:\/\/api.w.org\/{rel}","templated":true}]}}