{"id":14421,"date":"2023-04-26T12:11:02","date_gmt":"2023-04-26T16:11:02","guid":{"rendered":"https:\/\/centaurtheatre.com\/john-gallop\/"},"modified":"2023-04-26T13:05:56","modified_gmt":"2023-04-26T17:05:56","slug":"john-gallop-10","status":"publish","type":"page","link":"https:\/\/centaurtheatre.com\/fr\/john-gallop-10\/","title":{"rendered":"John Gallop et 10 jours pour jouer<br> un grand r\u00f4le"},"content":{"rendered":"\n<figure class=\"wp-block-image alignwide size-full esc-narrow-content\"><img loading=\"lazy\" decoding=\"async\" width=\"1024\" height=\"284\" src=\"https:\/\/centaurtheatre.com\/wp-content\/uploads\/2023\/04\/Centaur-10days-web-1440x400-FR-2-1024x284-1.jpg\" alt=\"\" class=\"wp-image-2583\" srcset=\"https:\/\/centaurtheatre.com\/wp-content\/uploads\/2023\/04\/Centaur-10days-web-1440x400-FR-2-1024x284-1.jpg 1024w, https:\/\/centaurtheatre.com\/wp-content\/uploads\/2023\/04\/Centaur-10days-web-1440x400-FR-2-1024x284-1-300x83.jpg 300w, https:\/\/centaurtheatre.com\/wp-content\/uploads\/2023\/04\/Centaur-10days-web-1440x400-FR-2-1024x284-1-768x213.jpg 768w\" sizes=\"auto, (max-width: 1024px) 100vw, 1024px\" \/><\/figure>\n\n\n\n<div class=\"wp-block-columns two-columns-cta--reversed two-columns-cta esc-narrow-content is-layout-flex wp-container-core-columns-is-layout-28f84493 wp-block-columns-is-layout-flex\">\n<div class=\"wp-block-column is-vertically-aligned-top is-layout-flow wp-block-column-is-layout-flow\">\n<figure class=\"wp-block-image aligncenter size-large\"><img loading=\"lazy\" decoding=\"async\" width=\"1024\" height=\"1016\" src=\"https:\/\/centaurtheatre.com\/wp-content\/uploads\/2022\/08\/John-portico-brighter-1024x1016.jpg\" alt=\"\" class=\"wp-image-9518\" srcset=\"https:\/\/centaurtheatre.com\/wp-content\/uploads\/2022\/08\/John-portico-brighter-1024x1016.jpg 1024w, https:\/\/centaurtheatre.com\/wp-content\/uploads\/2022\/08\/John-portico-brighter-300x298.jpg 300w, https:\/\/centaurtheatre.com\/wp-content\/uploads\/2022\/08\/John-portico-brighter-150x150.jpg 150w, https:\/\/centaurtheatre.com\/wp-content\/uploads\/2022\/08\/John-portico-brighter-768x762.jpg 768w, https:\/\/centaurtheatre.com\/wp-content\/uploads\/2022\/08\/John-portico-brighter-1536x1525.jpg 1536w, https:\/\/centaurtheatre.com\/wp-content\/uploads\/2022\/08\/John-portico-brighter-2048x2033.jpg 2048w\" sizes=\"auto, (max-width: 1024px) 100vw, 1024px\" \/><\/figure>\n\n\n\n<p>John Gallop sur le portique du Th\u00e9\u00e2tre Centaur lisant une copie de poche Penguin de\u00a0<em>Back to Methusaleh<\/em>\u00a0de Bernard Shaw<em>.<\/em>\u00a0Photo par Lucy Earle.<\/p>\n<\/div>\n\n\n\n<div class=\"wp-block-column is-layout-flow wp-block-column-is-layout-flow\">\n<p>En juin 2022, trois des plus g\u00e9n\u00e9reux m\u00e9c\u00e8nes du Centaur ont accept\u00e9 de verser l\u2019\u00e9quivalent des dons jusqu\u2019\u00e0 concurrence de 15\u00a0000$ durant notre campagne\u00a0<em>10 jours pour jouer un grand r\u00f4le.<\/em>\u00a0Ces dons jumel\u00e9s nous ont permis d\u2019amasser la somme impressionnante de 30\u00a0344$, essentielle au fonctionnement de notre th\u00e9\u00e2tre!<\/p>\n\n\n\n<p>L\u2019un de ces dons jumel\u00e9s provenait de John Gallop, un des amis les plus fid\u00e8les et d\u00e9vou\u00e9s du Centaur. Non seulement a-t-il offert ce don jumel\u00e9 lors de cette campagne, mais John est aussi membre de la Soci\u00e9t\u00e9 Imagination et a pr\u00e9vu un don pour le Centaur dans son testament. Lorsqu\u2019on lui demande d\u2019o\u00f9 lui vient cette passion pour le th\u00e9\u00e2tre, voici sa r\u00e9ponse\u00a0fascinante :<\/p>\n\n\n\n<p>\u00ab <em>D\u2019o\u00f9 me vient cette passion pour le th\u00e9\u00e2tre, malgr\u00e9 une vie professionnelle consacr\u00e9e aux math\u00e9matiques, aux ordinateurs et \u00e0 la gestion financi\u00e8re?<\/em> \u00bb<\/p>\n\n\n\n<p>\u00ab <em>De nombreux souvenirs! Ceux du Children\u2019s Theatre, sous la direction de Dorothy Davis et Violet Walters, au Victoria Hall de Westmount, pendant la Deuxi\u00e8me Guerre mondiale. (Recherchez-le.) Apr\u00e8s la guerre, Wayne and Shuster, dans des pantomimes de No\u00ebl dans le style britannique, au Majesty\u2019s Theatre, sur la rue Guy. C\u2019est aussi l\u00e0 qu\u2019\u00e0 la fin des ann\u00e9es 40, j\u2019ai assist\u00e9 \u00e0 une repr\u00e9sentation de Back to Methuselah, une pi\u00e8ce rarement jou\u00e9e de George Bernard Shaw, avec en vedette l\u2019\u00e9toile hollywoodienne, Victor Mature, celui qui affrontait les lions dans ces \u00e9pop\u00e9es bibliques de l\u2019\u00e9poque. (Recherchez-le.)<\/em> \u00bb<\/p>\n\n\n\n<p>\u00ab <em>\u00c0 la m\u00eame \u00e9poque, je lisais pour le plaisir les pi\u00e8ces de Shaw. Je poss\u00e8de encore plusieurs \u00e9ditions de poche de Penguin, \u00e0 50 cents l\u2019exemplaire (mais je crois que les caract\u00e8res d\u2019imprimerie ont rapetiss\u00e9). L\u2019avantage, c\u2019\u00e9tait de profiter des prologues fouill\u00e9s et captivants de Shaw, qui n\u2019apparaissent pas dans les programmes de th\u00e9\u00e2tre.<\/em> \u00bb<\/p>\n\n\n\n<p>\u00ab <em>Faisons un bond de 10 ans pour mon anecdote de th\u00e9\u00e2tre pr\u00e9f\u00e9r\u00e9e. En 1957, je venais d\u2019\u00eatre dipl\u00f4m\u00e9 de l\u2019Universit\u00e9 Bishop et je participais \u00e0 une formation de six semaines dans les bureaux torontois d\u2019IBM \u00e0 l\u2019\u00e9poque pionni\u00e8re des cartes perfor\u00e9es d\u2019ordinateurs.<\/em> \u00bb<\/p>\n\n\n\n<p>\u00ab <em>C\u2019\u00e9tait la premi\u00e8re ann\u00e9e du th\u00e9\u00e2tre permanent du Festival Shakespeare de Stratford (pr\u00e9sent\u00e9 sous une tente depuis cinq ans). Le Toronto Telegram proposait des Telly Tuesday Tours pour assister au Festival de Stratford. J\u2019ai litt\u00e9ralement saut\u00e9 dans le train : la balade incluait une place dans le train, le Telegram sur votre si\u00e8ge, un bref arr\u00eat \u00e0 Brantford pour remettre aux dames une rose Dale autographi\u00e9e, un bus pour se rendre au souper \u00e0 l\u2019\u00e9glise et une repr\u00e9sentation pr\u00e9c\u00e9d\u00e9e par une \u00e9tonnante fanfare de trompettes sur la terrasse et le retour \u00e0 Toronto vers 2 heures de la nuit.<\/em> \u00bb<\/p>\n\n\n\n<p>\u00ab <em>La pi\u00e8ce? Hamlet, avec dans le r\u00f4le-titre, Christopher Plummer! Le co\u00fbt total : 12$!<\/em> \u00bb<\/p>\n\n\n\n<p>\u00ab <em>Vous savez maintenant d\u2019o\u00f9 vient mon ardent soutien au th\u00e9\u00e2tre et au Centaur pr\u00e9sentement et dans mon testament!<\/em> \u00bb<\/p>\n<\/div>\n<\/div>\n\n\n\n<figure class=\"wp-block-image aligncenter size-large is-resized\"><img loading=\"lazy\" decoding=\"async\" src=\"https:\/\/centaurtheatre.com\/wp-content\/uploads\/2022\/08\/Athol-fugard-ticket-1972cropped-1024x540.jpg\" alt=\"\" class=\"wp-image-12596\" width=\"768\" height=\"405\"\/><\/figure>\n\n\n\n<div style=\"height:10px\" aria-hidden=\"true\" class=\"wp-block-spacer\"><\/div>\n\n\n\n<p class=\"has-text-align-left\">De la collection personnelle de John Gallop: un talon de billet d\u2019une repr\u00e9sentation de mai 1972 de\u00a0<em>Blood Knot<\/em>\u00a0d\u2019Athol Fugard au Centaur Theatre. Prix \u200b\u200btotal 2,57\u00a0$!<\/p>\n\n\n\n<div style=\"height:25px\" aria-hidden=\"true\" class=\"wp-block-spacer\"><\/div>\n\n\n\n<p class=\"has-text-align-left\">Gr\u00e2ce aux g\u00e9n\u00e9reux dons de John, le Centaur est bien d\u00e9termin\u00e9 \u00e0 continuer d\u2019offrir des exp\u00e9riences th\u00e9\u00e2trales marquantes au public montr\u00e9alais dans les nombreuses ann\u00e9es \u00e0 venir. Pour savoir comment vous joindre \u00e0 la Soci\u00e9t\u00e9 Imagination du Centaur,\u00a0<a href=\"https:\/\/centaurtheatre.com\/fr\/societe-imagination\/\" data-type=\"page\" data-id=\"675\">cliquez ici.<\/a><\/p>\n\n\n\n<div style=\"height:25px\" aria-hidden=\"true\" class=\"wp-block-spacer\"><\/div>\n\n\n\n<p class=\"has-text-align-center\"><a href=\"https:\/\/centaurtheatre.com\/fr\/societe-imagination\/\" data-type=\"URL\" data-id=\"https:\/\/centaurtheatre.com\/fr\/societe-imagination\/\">Retour \u00e0 La Soci\u00e9t\u00e9 Imagination<\/a><br><\/p>\n","protected":false},"excerpt":{"rendered":"<p>John Gallop sur le portique du Th\u00e9\u00e2tre Centaur lisant une copie de poche Penguin de\u00a0Back to Methusaleh\u00a0de Bernard Shaw.\u00a0Photo par Lucy Earle. En juin 2022, trois des plus g\u00e9n\u00e9reux m\u00e9c\u00e8nes du Centaur ont accept\u00e9 de verser l\u2019\u00e9quivalent des dons jusqu\u2019\u00e0 concurrence de 15\u00a0000$ durant notre campagne\u00a010 jours pour jouer un grand r\u00f4le.\u00a0Ces dons jumel\u00e9s nous [&hellip;]<\/p>\n","protected":false},"author":2,"featured_media":0,"parent":0,"menu_order":0,"comment_status":"closed","ping_status":"closed","template":"","meta":{"_acf_changed":false,"footnotes":""},"class_list":["post-14421","page","type-page","status-publish","hentry"],"acf":[],"_links":{"self":[{"href":"https:\/\/centaurtheatre.com\/fr\/wp-json\/wp\/v2\/pages\/14421","targetHints":{"allow":["GET"]}}],"collection":[{"href":"https:\/\/centaurtheatre.com\/fr\/wp-json\/wp\/v2\/pages"}],"about":[{"href":"https:\/\/centaurtheatre.com\/fr\/wp-json\/wp\/v2\/types\/page"}],"author":[{"embeddable":true,"href":"https:\/\/centaurtheatre.com\/fr\/wp-json\/wp\/v2\/users\/2"}],"replies":[{"embeddable":true,"href":"https:\/\/centaurtheatre.com\/fr\/wp-json\/wp\/v2\/comments?post=14421"}],"version-history":[{"count":8,"href":"https:\/\/centaurtheatre.com\/fr\/wp-json\/wp\/v2\/pages\/14421\/revisions"}],"predecessor-version":[{"id":14432,"href":"https:\/\/centaurtheatre.com\/fr\/wp-json\/wp\/v2\/pages\/14421\/revisions\/14432"}],"wp:attachment":[{"href":"https:\/\/centaurtheatre.com\/fr\/wp-json\/wp\/v2\/media?parent=14421"}],"curies":[{"name":"wp","href":"https:\/\/api.w.org\/{rel}","templated":true}]}}